{"id":1139,"date":"2024-04-16T11:42:48","date_gmt":"2024-04-16T14:42:48","guid":{"rendered":"https:\/\/locmasterconstrucao.com.br\/?post_type=product&#038;p=1139"},"modified":"2024-12-17T13:28:52","modified_gmt":"2024-12-17T16:28:52","slug":"torneira-cozinha-bancada-square-fit-preta-4448-c-92","status":"publish","type":"product","link":"https:\/\/locmasterconstrucao.com.br\/index.php\/produto\/torneira-cozinha-bancada-square-fit-preta-4448-c-92\/","title":{"rendered":"TORNEIRA COZINHA BANCADA SQUARE FIT PRETA 4448 C-92"},"content":{"rendered":"<div class=\"title_info_produto col-lg-12 col-md-12 col-sm-12 col-xs-12\">\n<div class=\"title_info_produto col-lg-12 col-md-12 col-sm-12 col-xs-12\"><strong>444<\/strong> &#8211; Torneira Cozinha de Bancada Bica Flex\u00edvel Arejador Fixo Preta<\/div>\n<div><\/div>\n<div>\n<p><strong>Caracteristicas do produto:<\/strong><\/p>\n<div>\n<p>\u2022\u00a0 \u00a0 Torneira de \u00c1gua Fria.<\/p>\n<p>\u2022\u00a0 \u00a0 Corpo em Metal<\/p>\n<p>\u2022\u00a0 \u00a0 Tr\u00eas\u00a0op\u00e7\u00f5es de cano 45CM. Sendo, flex\u00edvel mola de inox cm EPDM e revestimento de silicone, Preto e Vermelho, cano gourmet inox dupla fun\u00e7\u00e3o;<br \/>\n\u2022\u00a0 \u00a0 Canopla Pl\u00e1stiico de Engenharia.<\/p>\n<p>\u2022\u00a0 \u00a0 Recomendado Uso em Alta Press\u00e3o<\/p>\n<p>\u2022\u00a0 \u00a0 Mecanismo M-18 Cer\u00e2mico<\/p>\n<p>\u2022\u00a0 \u00a0 Fixa\u00e7\u00e3o em Arruela plasticos de engenharia, porca de NAYLON.<\/p>\n<\/div>\n<p>&nbsp;<\/p>\n<\/div>\n<div class=\"titles_others_info col-lg-12 col-md-12 col-sm-12 col-xs-12\">\n<p><strong>Termo de Garantia:<\/strong><\/p>\n<div>\n<p>A GARANTIA N\u00c3O SER\u00c1 APLICADA NAS SEGUINTES SITUA\u00c7\u00d5ES<\/p>\n<p>\u2022\u00a0 \u00a0 Danos sofridos pelo produto em consequ\u00eancia de quedas acidentais, maus tratos, manuseio inadequado, instala\u00e7\u00e3o incorreta e erro de especifica\u00e7\u00e3o.<br \/>\n\u2022\u00a0 \u00a0 Danos causados aos acabamentos por limpeza inadequada, como por exemplo, o uso de produtos qu\u00edmicos, solventes, abrasivos do tipo sapon\u00e1ceo, palha de a\u00e7o, esponja de dupla face.<br \/>\n\u2022\u00a0 \u00a0 Pe\u00e7as que apresentarem desgaste natural pelo uso regular, tais como vedantes, gaxetas, an\u00e9is de veda\u00e7\u00e3o, orings, guarni\u00e7\u00f5es, cunhas, mecanismos de veda\u00e7\u00e3o.<br \/>\n\u2022\u00a0 \u00a0 Aplica\u00e7\u00e3o de pe\u00e7as n\u00e3o originais ou inadequadas.<br \/>\n\u2022\u00a0 \u00a0 Produto que for reparado por pessoa n\u00e3o autorizada pelo Servi\u00e7o de Assist\u00eancia T\u00e9cnica Marchezan.<\/p>\n<\/div>\n<\/div>\n<\/div>\n<div class=\"titles_others_info col-lg-12 col-md-12 col-sm-12 col-xs-12\">\n<div>\n<p><strong>Acabamento:\u00a0<\/strong>C-92<\/p>\n<\/div>\n<\/div>\n<div>\n<p>&nbsp;<\/p>\n<\/div>\n","protected":false},"excerpt":{"rendered":"<p>444 &#8211; Torneira Cozinha de Bancada Bica Flex\u00edvel Arejador Fixo Preta Caracteristicas do produto: \u2022\u00a0 \u00a0 Torneira de \u00c1gua Fria. [&hellip;]<\/p>\n","protected":false},"featured_media":1140,"template":"","meta":{"site-sidebar-layout":"default","site-content-layout":"","ast-site-content-layout":"default","site-content-style":"default","site-sidebar-style":"default","ast-global-header-display":"","ast-banner-title-visibility":"","ast-main-header-display":"","ast-hfb-above-header-display":"","ast-hfb-below-header-display":"","ast-hfb-mobile-header-display":"","site-post-title":"","ast-breadcrumbs-content":"","ast-featured-img":"","footer-sml-layout":"","theme-transparent-header-meta":"","adv-header-id-meta":"","stick-header-meta":"","header-above-stick-meta":"","header-main-stick-meta":"","header-below-stick-meta":"","astra-migrate-meta-layouts":"default","ast-page-background-enabled":"default","ast-page-background-meta":{"desktop":{"background-color":"var(--ast-global-color-5)","background-image":"","background-repeat":"repeat","background-position":"center center","background-size":"auto","background-attachment":"scroll","background-type":"","background-media":"","overlay-type":"","overlay-color":"","overlay-opacity":"","overlay-gradient":""},"tablet":{"background-color":"","background-image":"","background-repeat":"repeat","background-position":"center center","background-size":"auto","background-attachment":"scroll","background-type":"","background-media":"","overlay-type":"","overlay-color":"","overlay-opacity":"","overlay-gradient":""},"mobile":{"background-color":"","background-image":"","background-repeat":"repeat","background-position":"center center","background-size":"auto","background-attachment":"scroll","background-type":"","background-media":"","overlay-type":"","overlay-color":"","overlay-opacity":"","overlay-gradient":""}},"ast-content-background-meta":{"desktop":{"background-color":"var(--ast-global-color-4)","background-image":"","background-repeat":"repeat","background-position":"center center","background-size":"auto","background-attachment":"scroll","background-type":"","background-media":"","overlay-type":"","overlay-color":"","overlay-opacity":"","overlay-gradient":""},"tablet":{"background-color":"var(--ast-global-color-4)","background-image":"","background-repeat":"repeat","background-position":"center center","background-size":"auto","background-attachment":"scroll","background-type":"","background-media":"","overlay-type":"","overlay-color":"","overlay-opacity":"","overlay-gradient":""},"mobile":{"background-color":"var(--ast-global-color-4)","background-image":"","background-repeat":"repeat","background-position":"center center","background-size":"auto","background-attachment":"scroll","background-type":"","background-media":"","overlay-type":"","overlay-color":"","overlay-opacity":"","overlay-gradient":""}},"_joinchat":[]},"product_brand":[],"product_cat":[43],"product_tag":[],"class_list":{"0":"post-1139","1":"product","2":"type-product","3":"status-publish","4":"has-post-thumbnail","6":"product_cat-torneiras","7":"desktop-align-left","8":"tablet-align-left","9":"mobile-align-left","11":"first","12":"instock","13":"shipping-taxable","14":"product-type-simple"},"jetpack_sharing_enabled":true,"_links":{"self":[{"href":"https:\/\/locmasterconstrucao.com.br\/index.php\/wp-json\/wp\/v2\/product\/1139","targetHints":{"allow":["GET"]}}],"collection":[{"href":"https:\/\/locmasterconstrucao.com.br\/index.php\/wp-json\/wp\/v2\/product"}],"about":[{"href":"https:\/\/locmasterconstrucao.com.br\/index.php\/wp-json\/wp\/v2\/types\/product"}],"wp:featuredmedia":[{"embeddable":true,"href":"https:\/\/locmasterconstrucao.com.br\/index.php\/wp-json\/wp\/v2\/media\/1140"}],"wp:attachment":[{"href":"https:\/\/locmasterconstrucao.com.br\/index.php\/wp-json\/wp\/v2\/media?parent=1139"}],"wp:term":[{"taxonomy":"product_brand","embeddable":true,"href":"https:\/\/locmasterconstrucao.com.br\/index.php\/wp-json\/wp\/v2\/product_brand?post=1139"},{"taxonomy":"product_cat","embeddable":true,"href":"https:\/\/locmasterconstrucao.com.br\/index.php\/wp-json\/wp\/v2\/product_cat?post=1139"},{"taxonomy":"product_tag","embeddable":true,"href":"https:\/\/locmasterconstrucao.com.br\/index.php\/wp-json\/wp\/v2\/product_tag?post=1139"}],"curies":[{"name":"wp","href":"https:\/\/api.w.org\/{rel}","templated":true}]}}