{"id":1600,"date":"2024-12-16T11:24:03","date_gmt":"2024-12-16T14:24:03","guid":{"rendered":"https:\/\/locmasterconstrucao.com.br\/?post_type=product&#038;p=1600"},"modified":"2026-04-16T10:56:28","modified_gmt":"2026-04-16T13:56:28","slug":"torneira-lavatorio-bancada-giratoria-evidence-1-4-volta-c-61","status":"publish","type":"product","link":"https:\/\/locmasterconstrucao.com.br\/index.php\/produto\/torneira-lavatorio-bancada-giratoria-evidence-1-4-volta-c-61\/","title":{"rendered":"TORNEIRA LAVAT\u00d3RIO BANCADA GIRAT\u00d3RIA EVIDENCE 1\/4 VOLTA &#8211; C-61 6041"},"content":{"rendered":"<p>7835 &#8211; TORNEIRA LAVAT\u00d3RIO BANCADA GIRAT\u00d3RIA EVIDENCE 1\/4 VOLTA &#8211; C-61 6041<\/p>\n<p>Torneira Girat\u00f3ria Evidence Lavat\u00f3rio ou Cozinha Bancada com Arejador Fixo com \u00c2ngulo de 45\u00ba (Alta)<\/p>\n<p>&nbsp;<\/p>\n<p><strong>Termo de Garantia:<\/strong><\/p>\n<div>\n<p>A GARANTIA N\u00c3O SER\u00c1 APLICADA NAS SEGUINTES SITUA\u00c7\u00d5ES<br \/>\n\u2022\u00a0\u00a0 \u00a0Danos sofridos pelo produto em consequ\u00eancia de quedas acidentais, maus tratos, manuseio inadequado, instala\u00e7\u00e3o incorreta e erro de especifica\u00e7\u00e3o.<br \/>\n\u2022\u00a0\u00a0 \u00a0Danos causados aos acabamentos por limpeza inadequada, como por exemplo, o uso de produtos qu\u00edmicos, solventes, abrasivos do tipo sapon\u00e1ceo, palha de a\u00e7o, esponja de dupla face.<br \/>\n\u2022\u00a0\u00a0 \u00a0Pe\u00e7as que apresentarem desgaste natural pelo uso regular, tais como vedantes, gaxetas, an\u00e9is de veda\u00e7\u00e3o, orings, guarni\u00e7\u00f5es, cunhas, mecanismos de veda\u00e7\u00e3o.<br \/>\n\u2022\u00a0\u00a0 \u00a0Aplica\u00e7\u00e3o de pe\u00e7as n\u00e3o originais ou inadequadas.<br \/>\n\u2022\u00a0\u00a0 \u00a0Produto que for reparado por pessoa n\u00e3o autorizada pelo Servi\u00e7o de Assist\u00eancia T\u00e9cnica Marchezan.<\/p>\n<\/div>\n","protected":false},"excerpt":{"rendered":"<p>7835 &#8211; TORNEIRA LAVAT\u00d3RIO BANCADA GIRAT\u00d3RIA EVIDENCE 1\/4 VOLTA &#8211; C-61 6041 Torneira Girat\u00f3ria Evidence Lavat\u00f3rio ou Cozinha Bancada com [&hellip;]<\/p>\n","protected":false},"featured_media":1601,"template":"","meta":{"site-sidebar-layout":"default","site-content-layout":"","ast-site-content-layout":"default","site-content-style":"default","site-sidebar-style":"default","ast-global-header-display":"","ast-banner-title-visibility":"","ast-main-header-display":"","ast-hfb-above-header-display":"","ast-hfb-below-header-display":"","ast-hfb-mobile-header-display":"","site-post-title":"","ast-breadcrumbs-content":"","ast-featured-img":"","footer-sml-layout":"","theme-transparent-header-meta":"","adv-header-id-meta":"","stick-header-meta":"","header-above-stick-meta":"","header-main-stick-meta":"","header-below-stick-meta":"","astra-migrate-meta-layouts":"default","ast-page-background-enabled":"default","ast-page-background-meta":{"desktop":{"background-color":"var(--ast-global-color-5)","background-image":"","background-repeat":"repeat","background-position":"center center","background-size":"auto","background-attachment":"scroll","background-type":"","background-media":"","overlay-type":"","overlay-color":"","overlay-opacity":"","overlay-gradient":""},"tablet":{"background-color":"","background-image":"","background-repeat":"repeat","background-position":"center center","background-size":"auto","background-attachment":"scroll","background-type":"","background-media":"","overlay-type":"","overlay-color":"","overlay-opacity":"","overlay-gradient":""},"mobile":{"background-color":"","background-image":"","background-repeat":"repeat","background-position":"center center","background-size":"auto","background-attachment":"scroll","background-type":"","background-media":"","overlay-type":"","overlay-color":"","overlay-opacity":"","overlay-gradient":""}},"ast-content-background-meta":{"desktop":{"background-color":"var(--ast-global-color-4)","background-image":"","background-repeat":"repeat","background-position":"center center","background-size":"auto","background-attachment":"scroll","background-type":"","background-media":"","overlay-type":"","overlay-color":"","overlay-opacity":"","overlay-gradient":""},"tablet":{"background-color":"var(--ast-global-color-4)","background-image":"","background-repeat":"repeat","background-position":"center center","background-size":"auto","background-attachment":"scroll","background-type":"","background-media":"","overlay-type":"","overlay-color":"","overlay-opacity":"","overlay-gradient":""},"mobile":{"background-color":"var(--ast-global-color-4)","background-image":"","background-repeat":"repeat","background-position":"center center","background-size":"auto","background-attachment":"scroll","background-type":"","background-media":"","overlay-type":"","overlay-color":"","overlay-opacity":"","overlay-gradient":""}},"_joinchat":[]},"product_brand":[],"product_cat":[43],"product_tag":[],"class_list":{"0":"post-1600","1":"product","2":"type-product","3":"status-publish","4":"has-post-thumbnail","6":"product_cat-torneiras","7":"desktop-align-left","8":"tablet-align-left","9":"mobile-align-left","11":"first","12":"instock","13":"shipping-taxable","14":"product-type-simple"},"jetpack_sharing_enabled":true,"_links":{"self":[{"href":"https:\/\/locmasterconstrucao.com.br\/index.php\/wp-json\/wp\/v2\/product\/1600","targetHints":{"allow":["GET"]}}],"collection":[{"href":"https:\/\/locmasterconstrucao.com.br\/index.php\/wp-json\/wp\/v2\/product"}],"about":[{"href":"https:\/\/locmasterconstrucao.com.br\/index.php\/wp-json\/wp\/v2\/types\/product"}],"wp:featuredmedia":[{"embeddable":true,"href":"https:\/\/locmasterconstrucao.com.br\/index.php\/wp-json\/wp\/v2\/media\/1601"}],"wp:attachment":[{"href":"https:\/\/locmasterconstrucao.com.br\/index.php\/wp-json\/wp\/v2\/media?parent=1600"}],"wp:term":[{"taxonomy":"product_brand","embeddable":true,"href":"https:\/\/locmasterconstrucao.com.br\/index.php\/wp-json\/wp\/v2\/product_brand?post=1600"},{"taxonomy":"product_cat","embeddable":true,"href":"https:\/\/locmasterconstrucao.com.br\/index.php\/wp-json\/wp\/v2\/product_cat?post=1600"},{"taxonomy":"product_tag","embeddable":true,"href":"https:\/\/locmasterconstrucao.com.br\/index.php\/wp-json\/wp\/v2\/product_tag?post=1600"}],"curies":[{"name":"wp","href":"https:\/\/api.w.org\/{rel}","templated":true}]}}