{"id":1610,"date":"2024-12-16T15:27:01","date_gmt":"2024-12-16T18:27:01","guid":{"rendered":"https:\/\/locmasterconstrucao.com.br\/?post_type=product&#038;p=1610"},"modified":"2024-12-16T15:44:17","modified_gmt":"2024-12-16T18:44:17","slug":"torneira-cozinha-lavatorio-quadra-c-92-4495","status":"publish","type":"product","link":"https:\/\/locmasterconstrucao.com.br\/index.php\/produto\/torneira-cozinha-lavatorio-quadra-c-92-4495\/","title":{"rendered":"TORNEIRA COZINHA \/ LAVAT\u00d3RIO QUADRA C-92 &#8211; 4445"},"content":{"rendered":"<p>2560 &#8211; Torneira Cozinha \/ Lavat\u00f3rio Bancada Quadra Bica Fixa Retangular 28mm sem Arejador<\/p>\n<p>Termo de Garantia:<\/p>\n<p>A GARANTIA N\u00c3O SER\u00c1 APLICADA NAS SEGUINTES SITUA\u00c7\u00d5ES<br \/>\n\u2022\u00a0Danos sofridos pelo produto em consequ\u00eancia de quedas acidentais, maus tratos, manuseio inadequado, instala\u00e7\u00e3o incorreta e erro de especifica\u00e7\u00e3o.<br \/>\n\u2022\u00a0Danos causados aos acabamentos por limpeza inadequada, como por exemplo, o uso de produtos qu\u00edmicos, solventes, abrasivos do tipo sapon\u00e1ceo, palha de a\u00e7o, esponja de dupla face.<br \/>\n\u2022\u00a0Pe\u00e7as que apresentarem desgaste natural pelo uso regular, tais como vedantes, gaxetas, an\u00e9is de veda\u00e7\u00e3o, orings, guarni\u00e7\u00f5es, cunhas, mecanismos de veda\u00e7\u00e3o.<br \/>\n\u2022\u00a0Aplica\u00e7\u00e3o de pe\u00e7as n\u00e3o originais ou inadequadas.<br \/>\n\u2022\u00a0Produto que for reparado por pessoa n\u00e3o autorizada pelo Servi\u00e7o de Assist\u00eancia T\u00e9cnica Marchezan.<\/p>\n","protected":false},"excerpt":{"rendered":"<p>2560 &#8211; Torneira Cozinha \/ Lavat\u00f3rio Bancada Quadra Bica Fixa Retangular 28mm sem Arejador Termo de Garantia: A GARANTIA N\u00c3O [&hellip;]<\/p>\n","protected":false},"featured_media":1611,"template":"","meta":{"site-sidebar-layout":"default","site-content-layout":"","ast-site-content-layout":"default","site-content-style":"default","site-sidebar-style":"default","ast-global-header-display":"","ast-banner-title-visibility":"","ast-main-header-display":"","ast-hfb-above-header-display":"","ast-hfb-below-header-display":"","ast-hfb-mobile-header-display":"","site-post-title":"","ast-breadcrumbs-content":"","ast-featured-img":"","footer-sml-layout":"","theme-transparent-header-meta":"","adv-header-id-meta":"","stick-header-meta":"","header-above-stick-meta":"","header-main-stick-meta":"","header-below-stick-meta":"","astra-migrate-meta-layouts":"default","ast-page-background-enabled":"default","ast-page-background-meta":{"desktop":{"background-color":"var(--ast-global-color-5)","background-image":"","background-repeat":"repeat","background-position":"center center","background-size":"auto","background-attachment":"scroll","background-type":"","background-media":"","overlay-type":"","overlay-color":"","overlay-opacity":"","overlay-gradient":""},"tablet":{"background-color":"","background-image":"","background-repeat":"repeat","background-position":"center center","background-size":"auto","background-attachment":"scroll","background-type":"","background-media":"","overlay-type":"","overlay-color":"","overlay-opacity":"","overlay-gradient":""},"mobile":{"background-color":"","background-image":"","background-repeat":"repeat","background-position":"center center","background-size":"auto","background-attachment":"scroll","background-type":"","background-media":"","overlay-type":"","overlay-color":"","overlay-opacity":"","overlay-gradient":""}},"ast-content-background-meta":{"desktop":{"background-color":"var(--ast-global-color-4)","background-image":"","background-repeat":"repeat","background-position":"center center","background-size":"auto","background-attachment":"scroll","background-type":"","background-media":"","overlay-type":"","overlay-color":"","overlay-opacity":"","overlay-gradient":""},"tablet":{"background-color":"var(--ast-global-color-4)","background-image":"","background-repeat":"repeat","background-position":"center center","background-size":"auto","background-attachment":"scroll","background-type":"","background-media":"","overlay-type":"","overlay-color":"","overlay-opacity":"","overlay-gradient":""},"mobile":{"background-color":"var(--ast-global-color-4)","background-image":"","background-repeat":"repeat","background-position":"center center","background-size":"auto","background-attachment":"scroll","background-type":"","background-media":"","overlay-type":"","overlay-color":"","overlay-opacity":"","overlay-gradient":""}},"_joinchat":[]},"product_brand":[],"product_cat":[43],"product_tag":[],"class_list":{"0":"post-1610","1":"product","2":"type-product","3":"status-publish","4":"has-post-thumbnail","6":"product_cat-torneiras","7":"desktop-align-left","8":"tablet-align-left","9":"mobile-align-left","11":"first","12":"instock","13":"shipping-taxable","14":"product-type-simple"},"jetpack_sharing_enabled":true,"_links":{"self":[{"href":"https:\/\/locmasterconstrucao.com.br\/index.php\/wp-json\/wp\/v2\/product\/1610","targetHints":{"allow":["GET"]}}],"collection":[{"href":"https:\/\/locmasterconstrucao.com.br\/index.php\/wp-json\/wp\/v2\/product"}],"about":[{"href":"https:\/\/locmasterconstrucao.com.br\/index.php\/wp-json\/wp\/v2\/types\/product"}],"wp:featuredmedia":[{"embeddable":true,"href":"https:\/\/locmasterconstrucao.com.br\/index.php\/wp-json\/wp\/v2\/media\/1611"}],"wp:attachment":[{"href":"https:\/\/locmasterconstrucao.com.br\/index.php\/wp-json\/wp\/v2\/media?parent=1610"}],"wp:term":[{"taxonomy":"product_brand","embeddable":true,"href":"https:\/\/locmasterconstrucao.com.br\/index.php\/wp-json\/wp\/v2\/product_brand?post=1610"},{"taxonomy":"product_cat","embeddable":true,"href":"https:\/\/locmasterconstrucao.com.br\/index.php\/wp-json\/wp\/v2\/product_cat?post=1610"},{"taxonomy":"product_tag","embeddable":true,"href":"https:\/\/locmasterconstrucao.com.br\/index.php\/wp-json\/wp\/v2\/product_tag?post=1610"}],"curies":[{"name":"wp","href":"https:\/\/api.w.org\/{rel}","templated":true}]}}