{"id":1749,"date":"2024-12-21T09:12:01","date_gmt":"2024-12-21T12:12:01","guid":{"rendered":"https:\/\/locmasterconstrucao.com.br\/?post_type=product&#038;p=1749"},"modified":"2025-12-29T16:14:37","modified_gmt":"2025-12-29T19:14:37","slug":"revestimento-extra-r40043-40x75","status":"publish","type":"product","link":"https:\/\/locmasterconstrucao.com.br\/index.php\/produto\/revestimento-extra-r40043-40x75\/","title":{"rendered":"REVESTIMENTO EXTRA R40043 40X75"},"content":{"rendered":"<h3>REVESTIMENTO EXTRA R40043 40X75<\/h3>\n<div><\/div>\n<div><span class=\"produto-dados-title\">TIPOLOGIA:\u00a0<\/span><span class=\"produto-dados-data\">ACETINADO<\/span><\/div>\n<div><span class=\"produto-dados-title\">FORMATO:\u00a0<\/span><span class=\"produto-dados-data\">40 x 75 <\/span><\/div>\n<div><span class=\"produto-dados-data\">RETIFICADO: SIM<\/span><\/div>\n<div>PE\u00c7AS\/CAIXA: 10<\/div>\n<div><span class=\"produto-dados-title\">FACES:\u00a0<\/span><span class=\"produto-dados-data\">3<\/span><\/div>\n<div>\n<div class=\"produto-tecnica-title\">M2 CAIXA: 3,00<\/div>\n<\/div>\n<div><span class=\"produto-dados-title\">ABSOR\u00c7\u00c3O DE \u00c1GUA: <\/span><span class=\"produto-dados-data\">DE 6% A 10%<\/span><\/div>\n","protected":false},"excerpt":{"rendered":"<p>REVESTIMENTO EXTRA R40043 40X75 TIPOLOGIA:\u00a0ACETINADO FORMATO:\u00a040 x 75 RETIFICADO: SIM PE\u00c7AS\/CAIXA: 10 FACES:\u00a03 M2 CAIXA: 3,00 ABSOR\u00c7\u00c3O DE \u00c1GUA: DE [&hellip;]<\/p>\n","protected":false},"featured_media":1750,"template":"","meta":{"site-sidebar-layout":"default","site-content-layout":"","ast-site-content-layout":"default","site-content-style":"default","site-sidebar-style":"default","ast-global-header-display":"","ast-banner-title-visibility":"","ast-main-header-display":"","ast-hfb-above-header-display":"","ast-hfb-below-header-display":"","ast-hfb-mobile-header-display":"","site-post-title":"","ast-breadcrumbs-content":"","ast-featured-img":"","footer-sml-layout":"","theme-transparent-header-meta":"","adv-header-id-meta":"","stick-header-meta":"","header-above-stick-meta":"","header-main-stick-meta":"","header-below-stick-meta":"","astra-migrate-meta-layouts":"default","ast-page-background-enabled":"default","ast-page-background-meta":{"desktop":{"background-color":"var(--ast-global-color-5)","background-image":"","background-repeat":"repeat","background-position":"center center","background-size":"auto","background-attachment":"scroll","background-type":"","background-media":"","overlay-type":"","overlay-color":"","overlay-opacity":"","overlay-gradient":""},"tablet":{"background-color":"","background-image":"","background-repeat":"repeat","background-position":"center center","background-size":"auto","background-attachment":"scroll","background-type":"","background-media":"","overlay-type":"","overlay-color":"","overlay-opacity":"","overlay-gradient":""},"mobile":{"background-color":"","background-image":"","background-repeat":"repeat","background-position":"center center","background-size":"auto","background-attachment":"scroll","background-type":"","background-media":"","overlay-type":"","overlay-color":"","overlay-opacity":"","overlay-gradient":""}},"ast-content-background-meta":{"desktop":{"background-color":"var(--ast-global-color-4)","background-image":"","background-repeat":"repeat","background-position":"center center","background-size":"auto","background-attachment":"scroll","background-type":"","background-media":"","overlay-type":"","overlay-color":"","overlay-opacity":"","overlay-gradient":""},"tablet":{"background-color":"var(--ast-global-color-4)","background-image":"","background-repeat":"repeat","background-position":"center center","background-size":"auto","background-attachment":"scroll","background-type":"","background-media":"","overlay-type":"","overlay-color":"","overlay-opacity":"","overlay-gradient":""},"mobile":{"background-color":"var(--ast-global-color-4)","background-image":"","background-repeat":"repeat","background-position":"center center","background-size":"auto","background-attachment":"scroll","background-type":"","background-media":"","overlay-type":"","overlay-color":"","overlay-opacity":"","overlay-gradient":""}},"_joinchat":[]},"product_brand":[],"product_cat":[63,101],"product_tag":[],"class_list":{"0":"post-1749","1":"product","2":"type-product","3":"status-publish","4":"has-post-thumbnail","6":"product_cat-pisos-e-revestimentos","7":"product_cat-revestimentos","8":"desktop-align-left","9":"tablet-align-left","10":"mobile-align-left","12":"first","13":"outofstock","14":"shipping-taxable","15":"product-type-simple"},"jetpack_sharing_enabled":true,"_links":{"self":[{"href":"https:\/\/locmasterconstrucao.com.br\/index.php\/wp-json\/wp\/v2\/product\/1749","targetHints":{"allow":["GET"]}}],"collection":[{"href":"https:\/\/locmasterconstrucao.com.br\/index.php\/wp-json\/wp\/v2\/product"}],"about":[{"href":"https:\/\/locmasterconstrucao.com.br\/index.php\/wp-json\/wp\/v2\/types\/product"}],"wp:featuredmedia":[{"embeddable":true,"href":"https:\/\/locmasterconstrucao.com.br\/index.php\/wp-json\/wp\/v2\/media\/1750"}],"wp:attachment":[{"href":"https:\/\/locmasterconstrucao.com.br\/index.php\/wp-json\/wp\/v2\/media?parent=1749"}],"wp:term":[{"taxonomy":"product_brand","embeddable":true,"href":"https:\/\/locmasterconstrucao.com.br\/index.php\/wp-json\/wp\/v2\/product_brand?post=1749"},{"taxonomy":"product_cat","embeddable":true,"href":"https:\/\/locmasterconstrucao.com.br\/index.php\/wp-json\/wp\/v2\/product_cat?post=1749"},{"taxonomy":"product_tag","embeddable":true,"href":"https:\/\/locmasterconstrucao.com.br\/index.php\/wp-json\/wp\/v2\/product_tag?post=1749"}],"curies":[{"name":"wp","href":"https:\/\/api.w.org\/{rel}","templated":true}]}}