{"id":1765,"date":"2024-12-21T11:18:20","date_gmt":"2024-12-21T14:18:20","guid":{"rendered":"https:\/\/locmasterconstrucao.com.br\/?post_type=product&#038;p=1765"},"modified":"2026-02-23T15:43:57","modified_gmt":"2026-02-23T18:43:57","slug":"revestimento-extra-r40343-40x75","status":"publish","type":"product","link":"https:\/\/locmasterconstrucao.com.br\/index.php\/produto\/revestimento-extra-r40343-40x75\/","title":{"rendered":"REVESTIMENTO EXTRA R40343 40X75"},"content":{"rendered":"<h4>REVESTIMENTO EXTRA R40343 40X75<\/h4>\n<p>TIPOLOGIA: BRILHANTE<br \/>\nFORMATO: 40 x 75<br \/>\nFACE: 01<br \/>\nm2\/CAIXA:\u00a0 3,00 m2<br \/>\nRETIFICADO: SIM<br \/>\nPE\u00c7AS\/CAIXA: 10 P\u00c7S<\/p>\n<p>ABSOR\u00c7\u00c3O DE \u00c1GUA: DE 6% A 10%<\/p>\n","protected":false},"excerpt":{"rendered":"<p>REVESTIMENTO EXTRA R40343 40X75 TIPOLOGIA: BRILHANTE FORMATO: 40 x 75 FACE: 01 m2\/CAIXA:\u00a0 3,00 m2 RETIFICADO: SIM PE\u00c7AS\/CAIXA: 10 P\u00c7S [&hellip;]<\/p>\n","protected":false},"featured_media":1766,"template":"","meta":{"site-sidebar-layout":"default","site-content-layout":"","ast-site-content-layout":"default","site-content-style":"default","site-sidebar-style":"default","ast-global-header-display":"","ast-banner-title-visibility":"","ast-main-header-display":"","ast-hfb-above-header-display":"","ast-hfb-below-header-display":"","ast-hfb-mobile-header-display":"","site-post-title":"","ast-breadcrumbs-content":"","ast-featured-img":"","footer-sml-layout":"","theme-transparent-header-meta":"default","adv-header-id-meta":"","stick-header-meta":"","header-above-stick-meta":"","header-main-stick-meta":"","header-below-stick-meta":"","astra-migrate-meta-layouts":"set","ast-page-background-enabled":"default","ast-page-background-meta":{"desktop":{"background-color":"var(--ast-global-color-5)","background-image":"","background-repeat":"repeat","background-position":"center center","background-size":"auto","background-attachment":"scroll","background-type":"","background-media":"","overlay-type":"","overlay-color":"","overlay-opacity":"","overlay-gradient":""},"tablet":{"background-color":"","background-image":"","background-repeat":"repeat","background-position":"center center","background-size":"auto","background-attachment":"scroll","background-type":"","background-media":"","overlay-type":"","overlay-color":"","overlay-opacity":"","overlay-gradient":""},"mobile":{"background-color":"","background-image":"","background-repeat":"repeat","background-position":"center center","background-size":"auto","background-attachment":"scroll","background-type":"","background-media":"","overlay-type":"","overlay-color":"","overlay-opacity":"","overlay-gradient":""}},"ast-content-background-meta":{"desktop":{"background-color":"var(--ast-global-color-4)","background-image":"","background-repeat":"repeat","background-position":"center center","background-size":"auto","background-attachment":"scroll","background-type":"","background-media":"","overlay-type":"","overlay-color":"","overlay-opacity":"","overlay-gradient":""},"tablet":{"background-color":"var(--ast-global-color-4)","background-image":"","background-repeat":"repeat","background-position":"center center","background-size":"auto","background-attachment":"scroll","background-type":"","background-media":"","overlay-type":"","overlay-color":"","overlay-opacity":"","overlay-gradient":""},"mobile":{"background-color":"var(--ast-global-color-4)","background-image":"","background-repeat":"repeat","background-position":"center center","background-size":"auto","background-attachment":"scroll","background-type":"","background-media":"","overlay-type":"","overlay-color":"","overlay-opacity":"","overlay-gradient":""}},"_joinchat":[]},"product_brand":[],"product_cat":[63,101],"product_tag":[],"class_list":{"0":"post-1765","1":"product","2":"type-product","3":"status-publish","4":"has-post-thumbnail","6":"product_cat-pisos-e-revestimentos","7":"product_cat-revestimentos","8":"desktop-align-left","9":"tablet-align-left","10":"mobile-align-left","12":"first","13":"outofstock","14":"shipping-taxable","15":"product-type-simple"},"jetpack_sharing_enabled":true,"_links":{"self":[{"href":"https:\/\/locmasterconstrucao.com.br\/index.php\/wp-json\/wp\/v2\/product\/1765","targetHints":{"allow":["GET"]}}],"collection":[{"href":"https:\/\/locmasterconstrucao.com.br\/index.php\/wp-json\/wp\/v2\/product"}],"about":[{"href":"https:\/\/locmasterconstrucao.com.br\/index.php\/wp-json\/wp\/v2\/types\/product"}],"wp:featuredmedia":[{"embeddable":true,"href":"https:\/\/locmasterconstrucao.com.br\/index.php\/wp-json\/wp\/v2\/media\/1766"}],"wp:attachment":[{"href":"https:\/\/locmasterconstrucao.com.br\/index.php\/wp-json\/wp\/v2\/media?parent=1765"}],"wp:term":[{"taxonomy":"product_brand","embeddable":true,"href":"https:\/\/locmasterconstrucao.com.br\/index.php\/wp-json\/wp\/v2\/product_brand?post=1765"},{"taxonomy":"product_cat","embeddable":true,"href":"https:\/\/locmasterconstrucao.com.br\/index.php\/wp-json\/wp\/v2\/product_cat?post=1765"},{"taxonomy":"product_tag","embeddable":true,"href":"https:\/\/locmasterconstrucao.com.br\/index.php\/wp-json\/wp\/v2\/product_tag?post=1765"}],"curies":[{"name":"wp","href":"https:\/\/api.w.org\/{rel}","templated":true}]}}