{"id":1786,"date":"2024-12-27T08:59:44","date_gmt":"2024-12-27T11:59:44","guid":{"rendered":"https:\/\/locmasterconstrucao.com.br\/?post_type=product&#038;p=1786"},"modified":"2026-03-27T17:14:52","modified_gmt":"2026-03-27T20:14:52","slug":"1786","status":"publish","type":"product","link":"https:\/\/locmasterconstrucao.com.br\/index.php\/produto\/1786\/","title":{"rendered":"REVESTIMENTO EXTRA HD 57712 33X57"},"content":{"rendered":"<div class=\"col-lg-5 info-produto-area\">\n<h4 class=\"produto-nome\">REVESTIMENTO EXTRA HD 57712 33X57<\/h4>\n<div><span class=\"info-produto\">MARCA:<\/span>\u00a0<span class=\"info-produto-resultado\">ROCHAFORTE<\/span><\/div>\n<div><span class=\"info-produto\">TIPOLOGIA:<\/span>\u00a0<span class=\"info-produto-resultado\">ACETINADO<\/span><\/div>\n<div><span class=\"info-produto\">FORMATO:<\/span>\u00a0<span class=\"info-produto-resultado\">33 x 57<\/span><\/div>\n<div><span class=\"especificao-tecnica\">M2 \/ CAIXA: <\/span><span class=\"especificao-tecnica-resultado\">2,50 m2<\/span><\/div>\n<div><span class=\"especificao-tecnica\">PE\u00c7AS\/CAIXA: 13 p\u00e7s<\/span><\/div>\n<div>JUNTA M\u00cdNIMA: 5mm<\/div>\n<div><span class=\"info-produto\">FACES:\u00a0<\/span><span class=\"info-produto-resultado\">3<\/span><\/div>\n<div><span class=\"info-produto\">ABSOR\u00c7\u00c3O DE \u00c1GUA: <\/span><span class=\"info-produto-resultado\">DE 6% A 10%<\/span><\/div>\n<\/div>\n<div class=\"col-lg-3 area-especificacoes-tecnicas\">\n<div class=\"area-especificao-tecnica\"><span class=\"especificao-tecnica\">RETIFICADO: <\/span><span class=\"especificao-tecnica-resultado\">N\u00c3O<\/span><\/div>\n<div class=\"area-especificao-tecnica\"><\/div>\n<\/div>\n","protected":false},"excerpt":{"rendered":"<p>REVESTIMENTO EXTRA HD 57712 33X57 MARCA:\u00a0ROCHAFORTE TIPOLOGIA:\u00a0ACETINADO FORMATO:\u00a033 x 57 M2 \/ CAIXA: 2,50 m2 PE\u00c7AS\/CAIXA: 13 p\u00e7s JUNTA M\u00cdNIMA: [&hellip;]<\/p>\n","protected":false},"featured_media":3131,"template":"","meta":{"site-sidebar-layout":"default","site-content-layout":"","ast-site-content-layout":"default","site-content-style":"default","site-sidebar-style":"default","ast-global-header-display":"","ast-banner-title-visibility":"","ast-main-header-display":"","ast-hfb-above-header-display":"","ast-hfb-below-header-display":"","ast-hfb-mobile-header-display":"","site-post-title":"","ast-breadcrumbs-content":"","ast-featured-img":"","footer-sml-layout":"","theme-transparent-header-meta":"default","adv-header-id-meta":"","stick-header-meta":"","header-above-stick-meta":"","header-main-stick-meta":"","header-below-stick-meta":"","astra-migrate-meta-layouts":"set","ast-page-background-enabled":"default","ast-page-background-meta":{"desktop":{"background-color":"var(--ast-global-color-5)","background-image":"","background-repeat":"repeat","background-position":"center center","background-size":"auto","background-attachment":"scroll","background-type":"","background-media":"","overlay-type":"","overlay-color":"","overlay-opacity":"","overlay-gradient":""},"tablet":{"background-color":"","background-image":"","background-repeat":"repeat","background-position":"center center","background-size":"auto","background-attachment":"scroll","background-type":"","background-media":"","overlay-type":"","overlay-color":"","overlay-opacity":"","overlay-gradient":""},"mobile":{"background-color":"","background-image":"","background-repeat":"repeat","background-position":"center center","background-size":"auto","background-attachment":"scroll","background-type":"","background-media":"","overlay-type":"","overlay-color":"","overlay-opacity":"","overlay-gradient":""}},"ast-content-background-meta":{"desktop":{"background-color":"var(--ast-global-color-4)","background-image":"","background-repeat":"repeat","background-position":"center center","background-size":"auto","background-attachment":"scroll","background-type":"","background-media":"","overlay-type":"","overlay-color":"","overlay-opacity":"","overlay-gradient":""},"tablet":{"background-color":"var(--ast-global-color-4)","background-image":"","background-repeat":"repeat","background-position":"center center","background-size":"auto","background-attachment":"scroll","background-type":"","background-media":"","overlay-type":"","overlay-color":"","overlay-opacity":"","overlay-gradient":""},"mobile":{"background-color":"var(--ast-global-color-4)","background-image":"","background-repeat":"repeat","background-position":"center center","background-size":"auto","background-attachment":"scroll","background-type":"","background-media":"","overlay-type":"","overlay-color":"","overlay-opacity":"","overlay-gradient":""}},"_joinchat":[]},"product_brand":[],"product_cat":[63,101],"product_tag":[],"class_list":{"0":"post-1786","1":"product","2":"type-product","3":"status-publish","4":"has-post-thumbnail","6":"product_cat-pisos-e-revestimentos","7":"product_cat-revestimentos","8":"desktop-align-left","9":"tablet-align-left","10":"mobile-align-left","12":"first","13":"instock","14":"shipping-taxable","15":"product-type-simple"},"jetpack_sharing_enabled":true,"_links":{"self":[{"href":"https:\/\/locmasterconstrucao.com.br\/index.php\/wp-json\/wp\/v2\/product\/1786","targetHints":{"allow":["GET"]}}],"collection":[{"href":"https:\/\/locmasterconstrucao.com.br\/index.php\/wp-json\/wp\/v2\/product"}],"about":[{"href":"https:\/\/locmasterconstrucao.com.br\/index.php\/wp-json\/wp\/v2\/types\/product"}],"wp:featuredmedia":[{"embeddable":true,"href":"https:\/\/locmasterconstrucao.com.br\/index.php\/wp-json\/wp\/v2\/media\/3131"}],"wp:attachment":[{"href":"https:\/\/locmasterconstrucao.com.br\/index.php\/wp-json\/wp\/v2\/media?parent=1786"}],"wp:term":[{"taxonomy":"product_brand","embeddable":true,"href":"https:\/\/locmasterconstrucao.com.br\/index.php\/wp-json\/wp\/v2\/product_brand?post=1786"},{"taxonomy":"product_cat","embeddable":true,"href":"https:\/\/locmasterconstrucao.com.br\/index.php\/wp-json\/wp\/v2\/product_cat?post=1786"},{"taxonomy":"product_tag","embeddable":true,"href":"https:\/\/locmasterconstrucao.com.br\/index.php\/wp-json\/wp\/v2\/product_tag?post=1786"}],"curies":[{"name":"wp","href":"https:\/\/api.w.org\/{rel}","templated":true}]}}