{"id":1796,"date":"2024-12-27T10:07:08","date_gmt":"2024-12-27T13:07:08","guid":{"rendered":"https:\/\/locmasterconstrucao.com.br\/?post_type=product&#038;p=1796"},"modified":"2026-02-05T11:57:22","modified_gmt":"2026-02-05T14:57:22","slug":"revestimento-extra-hd-leblon-57119-33x57","status":"publish","type":"product","link":"https:\/\/locmasterconstrucao.com.br\/index.php\/produto\/revestimento-extra-hd-leblon-57119-33x57\/","title":{"rendered":"REVESTIMENTO EXTRA HD LEBLON 57119 33X57"},"content":{"rendered":"<h3>REVESTIMENTO EXTRA HD LEBLON 57119 33X57<\/h3>\n<div><\/div>\n<div><strong><span class=\"info-produto\">ACABAMENTO:<\/span>\u00a0<\/strong><span class=\"info-produto-resultado\">BRILHANTE<\/span><\/div>\n<div><\/div>\n<div><strong><span class=\"info-produto\">FORMATO:<\/span><\/strong>\u00a0<span class=\"info-produto-resultado\">33 x 57<\/span><\/div>\n<div><\/div>\n<div><strong><span class=\"info-produto\">FACE:<\/span><\/strong> 0<span class=\"info-produto-resultado\">1<\/span><\/div>\n<div><\/div>\n<div>\n<div class=\"area-especificao-tecnica\"><strong><span class=\"especificao-tecnica\">RETIFICADO: <\/span><\/strong><span class=\"especificao-tecnica-resultado\">N\u00c3O<\/span><\/div>\n<\/div>\n<div><\/div>\n<div><strong><span class=\"especificao-tecnica\">M\u00b2\/CAIXA: <\/span><\/strong><span class=\"especificao-tecnica-resultado\">2,50\u00a0<\/span><\/div>\n<div>\n<div><\/div>\n<div class=\"area-especificao-tecnica\"><span class=\"especificao-tecnica\"><strong>PE\u00c7AS\/CAIXA:<\/strong> 13<\/span><\/div>\n<div><\/div>\n<div><strong>ABSOR\u00c7\u00c3O DE \u00c1GUA:<\/strong> DE 6% A 10%<\/div>\n<\/div>\n<div><\/div>\n<div><\/div>\n<div><\/div>\n","protected":false},"excerpt":{"rendered":"<p>REVESTIMENTO EXTRA HD LEBLON 57119 33X57 ACABAMENTO:\u00a0BRILHANTE FORMATO:\u00a033 x 57 FACE: 01 RETIFICADO: N\u00c3O M\u00b2\/CAIXA: 2,50\u00a0 PE\u00c7AS\/CAIXA: 13 ABSOR\u00c7\u00c3O DE [&hellip;]<\/p>\n","protected":false},"featured_media":1797,"template":"","meta":{"site-sidebar-layout":"default","site-content-layout":"","ast-site-content-layout":"default","site-content-style":"default","site-sidebar-style":"default","ast-global-header-display":"","ast-banner-title-visibility":"","ast-main-header-display":"","ast-hfb-above-header-display":"","ast-hfb-below-header-display":"","ast-hfb-mobile-header-display":"","site-post-title":"","ast-breadcrumbs-content":"","ast-featured-img":"","footer-sml-layout":"","theme-transparent-header-meta":"default","adv-header-id-meta":"","stick-header-meta":"","header-above-stick-meta":"","header-main-stick-meta":"","header-below-stick-meta":"","astra-migrate-meta-layouts":"set","ast-page-background-enabled":"default","ast-page-background-meta":{"desktop":{"background-color":"var(--ast-global-color-5)","background-image":"","background-repeat":"repeat","background-position":"center center","background-size":"auto","background-attachment":"scroll","background-type":"","background-media":"","overlay-type":"","overlay-color":"","overlay-opacity":"","overlay-gradient":""},"tablet":{"background-color":"","background-image":"","background-repeat":"repeat","background-position":"center center","background-size":"auto","background-attachment":"scroll","background-type":"","background-media":"","overlay-type":"","overlay-color":"","overlay-opacity":"","overlay-gradient":""},"mobile":{"background-color":"","background-image":"","background-repeat":"repeat","background-position":"center center","background-size":"auto","background-attachment":"scroll","background-type":"","background-media":"","overlay-type":"","overlay-color":"","overlay-opacity":"","overlay-gradient":""}},"ast-content-background-meta":{"desktop":{"background-color":"var(--ast-global-color-4)","background-image":"","background-repeat":"repeat","background-position":"center center","background-size":"auto","background-attachment":"scroll","background-type":"","background-media":"","overlay-type":"","overlay-color":"","overlay-opacity":"","overlay-gradient":""},"tablet":{"background-color":"var(--ast-global-color-4)","background-image":"","background-repeat":"repeat","background-position":"center center","background-size":"auto","background-attachment":"scroll","background-type":"","background-media":"","overlay-type":"","overlay-color":"","overlay-opacity":"","overlay-gradient":""},"mobile":{"background-color":"var(--ast-global-color-4)","background-image":"","background-repeat":"repeat","background-position":"center center","background-size":"auto","background-attachment":"scroll","background-type":"","background-media":"","overlay-type":"","overlay-color":"","overlay-opacity":"","overlay-gradient":""}},"_joinchat":[]},"product_brand":[],"product_cat":[63,101],"product_tag":[28,87,103,96,89],"class_list":{"0":"post-1796","1":"product","2":"type-product","3":"status-publish","4":"has-post-thumbnail","6":"product_cat-pisos-e-revestimentos","7":"product_cat-revestimentos","8":"product_tag-mt2","9":"product_tag-revestimento","10":"product_tag-revestimento-branco","11":"product_tag-revestimento-extra","12":"product_tag-revestmento-ceramico","13":"desktop-align-left","14":"tablet-align-left","15":"mobile-align-left","17":"first","18":"instock","19":"shipping-taxable","20":"product-type-simple"},"jetpack_sharing_enabled":true,"_links":{"self":[{"href":"https:\/\/locmasterconstrucao.com.br\/index.php\/wp-json\/wp\/v2\/product\/1796","targetHints":{"allow":["GET"]}}],"collection":[{"href":"https:\/\/locmasterconstrucao.com.br\/index.php\/wp-json\/wp\/v2\/product"}],"about":[{"href":"https:\/\/locmasterconstrucao.com.br\/index.php\/wp-json\/wp\/v2\/types\/product"}],"wp:featuredmedia":[{"embeddable":true,"href":"https:\/\/locmasterconstrucao.com.br\/index.php\/wp-json\/wp\/v2\/media\/1797"}],"wp:attachment":[{"href":"https:\/\/locmasterconstrucao.com.br\/index.php\/wp-json\/wp\/v2\/media?parent=1796"}],"wp:term":[{"taxonomy":"product_brand","embeddable":true,"href":"https:\/\/locmasterconstrucao.com.br\/index.php\/wp-json\/wp\/v2\/product_brand?post=1796"},{"taxonomy":"product_cat","embeddable":true,"href":"https:\/\/locmasterconstrucao.com.br\/index.php\/wp-json\/wp\/v2\/product_cat?post=1796"},{"taxonomy":"product_tag","embeddable":true,"href":"https:\/\/locmasterconstrucao.com.br\/index.php\/wp-json\/wp\/v2\/product_tag?post=1796"}],"curies":[{"name":"wp","href":"https:\/\/api.w.org\/{rel}","templated":true}]}}