{"id":2251,"date":"2025-06-10T13:39:44","date_gmt":"2025-06-10T16:39:44","guid":{"rendered":"https:\/\/locmasterconstrucao.com.br\/?post_type=product&#038;p=2251"},"modified":"2026-04-18T08:46:16","modified_gmt":"2026-04-18T11:46:16","slug":"2251","status":"publish","type":"product","link":"https:\/\/locmasterconstrucao.com.br\/index.php\/produto\/2251\/","title":{"rendered":"PORTA POSTIGO A\u00c7O C\/ GRADE BR &#8211; 2,15 x 0,80"},"content":{"rendered":"<h4 class=\"col col-12 name\">Porta A\u00e7o Branco Postigo &#8211; 2,15 x 0,85mt<\/h4>\n<p><b>Caracter\u00edsticas:<\/b><b><\/b><\/p>\n<p><b>Produto:<\/b>\u00a0Porta Postigo com Grade Mosaico<\/p>\n<p><b>Material:<\/b>\u00a0<strong>A\u00e7o<\/strong><\/p>\n<p><strong>Abertura:<\/strong><strong> DIREITA \/ ESQUERDA<\/strong><\/p>\n<p><b>Altura:<\/b> 2,15 mts<\/p>\n<p><b>Largura:<\/b> 80 cm<\/p>\n<p><b>Requadro:<\/b>\u00a06,5 cm<\/p>\n<p>J\u00e1 vem com vidro e acess\u00f3rios instalados, pintura de\u00a0prote\u00e7\u00e3o Eletropintura (mesma tecnologia da ind\u00fastria automobil\u00edstica proporcionando pintura uniforme e prote\u00e7\u00e3o interna e externa) + Pintura de Acabamento a P\u00f3 na Cor Branca (muito mais prote\u00e7\u00e3o contra os raios UV) e Garantia de 6 anos contra corros\u00e3o. Atende a norma contra corros\u00e3o e manuseio.<\/p>\n","protected":false},"excerpt":{"rendered":"<p>Porta A\u00e7o Branco Postigo &#8211; 2,15 x 0,85mt Caracter\u00edsticas: Produto:\u00a0Porta Postigo com Grade Mosaico Material:\u00a0A\u00e7o Abertura: DIREITA \/ ESQUERDA Altura: [&hellip;]<\/p>\n","protected":false},"featured_media":2252,"template":"","meta":{"site-sidebar-layout":"default","site-content-layout":"","ast-site-content-layout":"default","site-content-style":"default","site-sidebar-style":"default","ast-global-header-display":"","ast-banner-title-visibility":"","ast-main-header-display":"","ast-hfb-above-header-display":"","ast-hfb-below-header-display":"","ast-hfb-mobile-header-display":"","site-post-title":"","ast-breadcrumbs-content":"","ast-featured-img":"","footer-sml-layout":"","theme-transparent-header-meta":"","adv-header-id-meta":"","stick-header-meta":"","header-above-stick-meta":"","header-main-stick-meta":"","header-below-stick-meta":"","astra-migrate-meta-layouts":"default","ast-page-background-enabled":"default","ast-page-background-meta":{"desktop":{"background-color":"var(--ast-global-color-5)","background-image":"","background-repeat":"repeat","background-position":"center center","background-size":"auto","background-attachment":"scroll","background-type":"","background-media":"","overlay-type":"","overlay-color":"","overlay-opacity":"","overlay-gradient":""},"tablet":{"background-color":"","background-image":"","background-repeat":"repeat","background-position":"center center","background-size":"auto","background-attachment":"scroll","background-type":"","background-media":"","overlay-type":"","overlay-color":"","overlay-opacity":"","overlay-gradient":""},"mobile":{"background-color":"","background-image":"","background-repeat":"repeat","background-position":"center center","background-size":"auto","background-attachment":"scroll","background-type":"","background-media":"","overlay-type":"","overlay-color":"","overlay-opacity":"","overlay-gradient":""}},"ast-content-background-meta":{"desktop":{"background-color":"var(--ast-global-color-4)","background-image":"","background-repeat":"repeat","background-position":"center center","background-size":"auto","background-attachment":"scroll","background-type":"","background-media":"","overlay-type":"","overlay-color":"","overlay-opacity":"","overlay-gradient":""},"tablet":{"background-color":"var(--ast-global-color-4)","background-image":"","background-repeat":"repeat","background-position":"center center","background-size":"auto","background-attachment":"scroll","background-type":"","background-media":"","overlay-type":"","overlay-color":"","overlay-opacity":"","overlay-gradient":""},"mobile":{"background-color":"var(--ast-global-color-4)","background-image":"","background-repeat":"repeat","background-position":"center center","background-size":"auto","background-attachment":"scroll","background-type":"","background-media":"","overlay-type":"","overlay-color":"","overlay-opacity":"","overlay-gradient":""}},"_joinchat":[]},"product_brand":[],"product_cat":[51],"product_tag":[],"class_list":{"0":"post-2251","1":"product","2":"type-product","3":"status-publish","4":"has-post-thumbnail","6":"product_cat-portas","7":"desktop-align-left","8":"tablet-align-left","9":"mobile-align-left","11":"first","12":"outofstock","13":"shipping-taxable","14":"product-type-simple"},"jetpack_sharing_enabled":true,"_links":{"self":[{"href":"https:\/\/locmasterconstrucao.com.br\/index.php\/wp-json\/wp\/v2\/product\/2251","targetHints":{"allow":["GET"]}}],"collection":[{"href":"https:\/\/locmasterconstrucao.com.br\/index.php\/wp-json\/wp\/v2\/product"}],"about":[{"href":"https:\/\/locmasterconstrucao.com.br\/index.php\/wp-json\/wp\/v2\/types\/product"}],"wp:featuredmedia":[{"embeddable":true,"href":"https:\/\/locmasterconstrucao.com.br\/index.php\/wp-json\/wp\/v2\/media\/2252"}],"wp:attachment":[{"href":"https:\/\/locmasterconstrucao.com.br\/index.php\/wp-json\/wp\/v2\/media?parent=2251"}],"wp:term":[{"taxonomy":"product_brand","embeddable":true,"href":"https:\/\/locmasterconstrucao.com.br\/index.php\/wp-json\/wp\/v2\/product_brand?post=2251"},{"taxonomy":"product_cat","embeddable":true,"href":"https:\/\/locmasterconstrucao.com.br\/index.php\/wp-json\/wp\/v2\/product_cat?post=2251"},{"taxonomy":"product_tag","embeddable":true,"href":"https:\/\/locmasterconstrucao.com.br\/index.php\/wp-json\/wp\/v2\/product_tag?post=2251"}],"curies":[{"name":"wp","href":"https:\/\/api.w.org\/{rel}","templated":true}]}}