{"id":2429,"date":"2025-07-25T09:00:43","date_gmt":"2025-07-25T12:00:43","guid":{"rendered":"https:\/\/locmasterconstrucao.com.br\/?post_type=product&#038;p=2429"},"modified":"2025-07-25T09:00:43","modified_gmt":"2025-07-25T12:00:43","slug":"bacia-sanit-convencional-fit-plus-br","status":"publish","type":"product","link":"https:\/\/locmasterconstrucao.com.br\/index.php\/produto\/bacia-sanit-convencional-fit-plus-br\/","title":{"rendered":"BACIA SANIT CONVENCIONAL FIT PLUS BR"},"content":{"rendered":"<div class=\"row caracteristicas-tecnicas-row\">\n<div class=\"col-lg-4 col-xs-6\">\n<p data-code=\"FixingKit\"><strong>BACIA SANIT CONVENCIONAL FIT PLUS BR<\/strong><\/p>\n<p data-code=\"FixingKit\"><strong>Conjunto de fixa\u00e7\u00e3o:<\/strong> N\u00e3o inclu\u00eddo<\/p>\n<\/div>\n<\/div>\n<div class=\"row caracteristicas-tecnicas-row\">\n<div class=\"col-lg-4 col-xs-6\">\n<p data-code=\"Shape\"><strong>Formato:<\/strong> Quadrado<\/p>\n<\/div>\n<\/div>\n<div class=\"row caracteristicas-tecnicas-row\">\n<div class=\"col-lg-4 col-xs-6\"><\/div>\n<div class=\"col-lg-4 col-xs-6\">\n<p><strong>Sistema de descarga:<\/strong> Sif\u00f3nico<\/p>\n<\/div>\n<\/div>\n<div class=\"row caracteristicas-tecnicas-row\">\n<div class=\"col-lg-4 col-xs-6\">\n<p data-code=\"RimType\"><strong>Tipo de arco:<\/strong> Fechada<\/p>\n<\/div>\n<\/div>\n<div class=\"row caracteristicas-tecnicas-row\">\n<div class=\"col-lg-4 col-xs-6\">\n<p data-code=\"InstallationType\"><strong>Tipo de sa\u00edda:<\/strong> Vertical<\/p>\n<\/div>\n<\/div>\n","protected":false},"excerpt":{"rendered":"<p>BACIA SANIT CONVENCIONAL FIT PLUS BR Conjunto de fixa\u00e7\u00e3o: N\u00e3o inclu\u00eddo Formato: Quadrado Sistema de descarga: Sif\u00f3nico Tipo de arco: [&hellip;]<\/p>\n","protected":false},"featured_media":2430,"template":"","meta":{"site-sidebar-layout":"default","site-content-layout":"","ast-site-content-layout":"default","site-content-style":"default","site-sidebar-style":"default","ast-global-header-display":"","ast-banner-title-visibility":"","ast-main-header-display":"","ast-hfb-above-header-display":"","ast-hfb-below-header-display":"","ast-hfb-mobile-header-display":"","site-post-title":"","ast-breadcrumbs-content":"","ast-featured-img":"","footer-sml-layout":"","theme-transparent-header-meta":"","adv-header-id-meta":"","stick-header-meta":"","header-above-stick-meta":"","header-main-stick-meta":"","header-below-stick-meta":"","astra-migrate-meta-layouts":"default","ast-page-background-enabled":"default","ast-page-background-meta":{"desktop":{"background-color":"var(--ast-global-color-5)","background-image":"","background-repeat":"repeat","background-position":"center center","background-size":"auto","background-attachment":"scroll","background-type":"","background-media":"","overlay-type":"","overlay-color":"","overlay-opacity":"","overlay-gradient":""},"tablet":{"background-color":"","background-image":"","background-repeat":"repeat","background-position":"center center","background-size":"auto","background-attachment":"scroll","background-type":"","background-media":"","overlay-type":"","overlay-color":"","overlay-opacity":"","overlay-gradient":""},"mobile":{"background-color":"","background-image":"","background-repeat":"repeat","background-position":"center center","background-size":"auto","background-attachment":"scroll","background-type":"","background-media":"","overlay-type":"","overlay-color":"","overlay-opacity":"","overlay-gradient":""}},"ast-content-background-meta":{"desktop":{"background-color":"var(--ast-global-color-4)","background-image":"","background-repeat":"repeat","background-position":"center center","background-size":"auto","background-attachment":"scroll","background-type":"","background-media":"","overlay-type":"","overlay-color":"","overlay-opacity":"","overlay-gradient":""},"tablet":{"background-color":"var(--ast-global-color-4)","background-image":"","background-repeat":"repeat","background-position":"center center","background-size":"auto","background-attachment":"scroll","background-type":"","background-media":"","overlay-type":"","overlay-color":"","overlay-opacity":"","overlay-gradient":""},"mobile":{"background-color":"var(--ast-global-color-4)","background-image":"","background-repeat":"repeat","background-position":"center center","background-size":"auto","background-attachment":"scroll","background-type":"","background-media":"","overlay-type":"","overlay-color":"","overlay-opacity":"","overlay-gradient":""}},"_joinchat":[]},"product_brand":[],"product_cat":[24],"product_tag":[],"class_list":{"0":"post-2429","1":"product","2":"type-product","3":"status-publish","4":"has-post-thumbnail","6":"product_cat-loucas","7":"desktop-align-left","8":"tablet-align-left","9":"mobile-align-left","11":"first","12":"instock","13":"shipping-taxable","14":"product-type-simple"},"jetpack_sharing_enabled":true,"_links":{"self":[{"href":"https:\/\/locmasterconstrucao.com.br\/index.php\/wp-json\/wp\/v2\/product\/2429","targetHints":{"allow":["GET"]}}],"collection":[{"href":"https:\/\/locmasterconstrucao.com.br\/index.php\/wp-json\/wp\/v2\/product"}],"about":[{"href":"https:\/\/locmasterconstrucao.com.br\/index.php\/wp-json\/wp\/v2\/types\/product"}],"wp:featuredmedia":[{"embeddable":true,"href":"https:\/\/locmasterconstrucao.com.br\/index.php\/wp-json\/wp\/v2\/media\/2430"}],"wp:attachment":[{"href":"https:\/\/locmasterconstrucao.com.br\/index.php\/wp-json\/wp\/v2\/media?parent=2429"}],"wp:term":[{"taxonomy":"product_brand","embeddable":true,"href":"https:\/\/locmasterconstrucao.com.br\/index.php\/wp-json\/wp\/v2\/product_brand?post=2429"},{"taxonomy":"product_cat","embeddable":true,"href":"https:\/\/locmasterconstrucao.com.br\/index.php\/wp-json\/wp\/v2\/product_cat?post=2429"},{"taxonomy":"product_tag","embeddable":true,"href":"https:\/\/locmasterconstrucao.com.br\/index.php\/wp-json\/wp\/v2\/product_tag?post=2429"}],"curies":[{"name":"wp","href":"https:\/\/api.w.org\/{rel}","templated":true}]}}