{"id":2558,"date":"2025-08-28T09:27:51","date_gmt":"2025-08-28T12:27:51","guid":{"rendered":"https:\/\/locmasterconstrucao.com.br\/?post_type=product&#038;p=2558"},"modified":"2026-04-20T14:05:49","modified_gmt":"2026-04-20T17:05:49","slug":"kit-mad-camomila-60-jqb-areia-lav-areia","status":"publish","type":"product","link":"https:\/\/locmasterconstrucao.com.br\/index.php\/produto\/kit-mad-camomila-60-jqb-areia-lav-areia\/","title":{"rendered":"KIT MAD CAMOMILA 60 JQB\/AREIA LAV AREIA"},"content":{"rendered":"<p>KIT MAD CAMOMILA 60 JQB\/AREIA LAV AREIA<\/p>\n<p>Descri\u00e7\u00e3o:<br \/>\nO banheiro em madeira Kit Camomila da Cozimax traz a tend\u00eancia do acabamento ripado para a linha de kits completos. Al\u00e9m da porta ripada, que possui recobrimento para melhor acabamento e durabilidade, ele tamb\u00e9m conta com prateleira interna, lavat\u00f3rio com op\u00e7\u00e3o de cor areia ou branco, gaveta interna com corredi\u00e7a telesc\u00f3pica e espelheira com armarinho e prateleira.Areia com Jequitib\u00e1.<\/p>\n<p>Dados T\u00e9cnicos:<br \/>\nEspelheira:<br \/>\n&#8211; Largura:53cm<br \/>\n&#8211; Altura:38cm<br \/>\n&#8211; Profundidade:13cm<\/p>\n<p>Toucador:<br \/>\n&#8211; Largura:60cm<br \/>\n&#8211; Altura:56cm<br \/>\n&#8211; Profundidade:36cm<\/p>\n","protected":false},"excerpt":{"rendered":"<p>KIT MAD CAMOMILA 60 JQB\/AREIA LAV AREIA Descri\u00e7\u00e3o: O banheiro em madeira Kit Camomila da Cozimax traz a tend\u00eancia do [&hellip;]<\/p>\n","protected":false},"featured_media":2559,"template":"","meta":{"site-sidebar-layout":"default","site-content-layout":"","ast-site-content-layout":"default","site-content-style":"default","site-sidebar-style":"default","ast-global-header-display":"","ast-banner-title-visibility":"","ast-main-header-display":"","ast-hfb-above-header-display":"","ast-hfb-below-header-display":"","ast-hfb-mobile-header-display":"","site-post-title":"","ast-breadcrumbs-content":"","ast-featured-img":"","footer-sml-layout":"","theme-transparent-header-meta":"","adv-header-id-meta":"","stick-header-meta":"","header-above-stick-meta":"","header-main-stick-meta":"","header-below-stick-meta":"","astra-migrate-meta-layouts":"default","ast-page-background-enabled":"default","ast-page-background-meta":{"desktop":{"background-color":"var(--ast-global-color-5)","background-image":"","background-repeat":"repeat","background-position":"center center","background-size":"auto","background-attachment":"scroll","background-type":"","background-media":"","overlay-type":"","overlay-color":"","overlay-opacity":"","overlay-gradient":""},"tablet":{"background-color":"","background-image":"","background-repeat":"repeat","background-position":"center center","background-size":"auto","background-attachment":"scroll","background-type":"","background-media":"","overlay-type":"","overlay-color":"","overlay-opacity":"","overlay-gradient":""},"mobile":{"background-color":"","background-image":"","background-repeat":"repeat","background-position":"center center","background-size":"auto","background-attachment":"scroll","background-type":"","background-media":"","overlay-type":"","overlay-color":"","overlay-opacity":"","overlay-gradient":""}},"ast-content-background-meta":{"desktop":{"background-color":"var(--ast-global-color-4)","background-image":"","background-repeat":"repeat","background-position":"center center","background-size":"auto","background-attachment":"scroll","background-type":"","background-media":"","overlay-type":"","overlay-color":"","overlay-opacity":"","overlay-gradient":""},"tablet":{"background-color":"var(--ast-global-color-4)","background-image":"","background-repeat":"repeat","background-position":"center center","background-size":"auto","background-attachment":"scroll","background-type":"","background-media":"","overlay-type":"","overlay-color":"","overlay-opacity":"","overlay-gradient":""},"mobile":{"background-color":"var(--ast-global-color-4)","background-image":"","background-repeat":"repeat","background-position":"center center","background-size":"auto","background-attachment":"scroll","background-type":"","background-media":"","overlay-type":"","overlay-color":"","overlay-opacity":"","overlay-gradient":""}},"_joinchat":[]},"product_brand":[],"product_cat":[141,37],"product_tag":[],"class_list":{"0":"post-2558","1":"product","2":"type-product","3":"status-publish","4":"has-post-thumbnail","6":"product_cat-banheiros","7":"product_cat-cozinhas-e-banheiros","8":"desktop-align-left","9":"tablet-align-left","10":"mobile-align-left","12":"first","13":"instock","14":"shipping-taxable","15":"product-type-simple"},"jetpack_sharing_enabled":true,"_links":{"self":[{"href":"https:\/\/locmasterconstrucao.com.br\/index.php\/wp-json\/wp\/v2\/product\/2558","targetHints":{"allow":["GET"]}}],"collection":[{"href":"https:\/\/locmasterconstrucao.com.br\/index.php\/wp-json\/wp\/v2\/product"}],"about":[{"href":"https:\/\/locmasterconstrucao.com.br\/index.php\/wp-json\/wp\/v2\/types\/product"}],"wp:featuredmedia":[{"embeddable":true,"href":"https:\/\/locmasterconstrucao.com.br\/index.php\/wp-json\/wp\/v2\/media\/2559"}],"wp:attachment":[{"href":"https:\/\/locmasterconstrucao.com.br\/index.php\/wp-json\/wp\/v2\/media?parent=2558"}],"wp:term":[{"taxonomy":"product_brand","embeddable":true,"href":"https:\/\/locmasterconstrucao.com.br\/index.php\/wp-json\/wp\/v2\/product_brand?post=2558"},{"taxonomy":"product_cat","embeddable":true,"href":"https:\/\/locmasterconstrucao.com.br\/index.php\/wp-json\/wp\/v2\/product_cat?post=2558"},{"taxonomy":"product_tag","embeddable":true,"href":"https:\/\/locmasterconstrucao.com.br\/index.php\/wp-json\/wp\/v2\/product_tag?post=2558"}],"curies":[{"name":"wp","href":"https:\/\/api.w.org\/{rel}","templated":true}]}}