{"id":2803,"date":"2025-09-30T15:31:31","date_gmt":"2025-09-30T18:31:31","guid":{"rendered":"https:\/\/locmasterconstrucao.com.br\/?post_type=product&#038;p=2803"},"modified":"2025-09-30T15:31:31","modified_gmt":"2025-09-30T18:31:31","slug":"porcelanato-avorio-polido-83x83","status":"publish","type":"product","link":"https:\/\/locmasterconstrucao.com.br\/index.php\/produto\/porcelanato-avorio-polido-83x83\/","title":{"rendered":"PORCELANATO AVORIO POLIDO 83X83"},"content":{"rendered":"<p><strong>PORCELANATO AVORIO POLIDO 83X83<\/strong><\/p>\n<p>Formato: 83&#215;83 cm<br \/>\nRetificado:\u00a0Sim<br \/>\nEspessura:\u00a08,8 mm<br \/>\nJunta m\u00ednima:\u00a02 mm<br \/>\nAcabamento Superficial:\u00a0POLIDO N\u00c3O ESMALTADO<br \/>\nIndica\u00e7\u00e3o de uso:\u00a0TP\u00a0<a id=\"inline\" class=\"fancybox\" href=\"https:\/\/www.deltaceramica.com.br\/produto-in.php?id=672#ti0031\"><i class=\"icon-info-circled t-xxiv\"><\/i><\/a><\/p>\n<p>Varia\u00e7\u00e3o de tonalidade:\u00a0V1<\/p>\n<p>Absor\u00e7\u00e3o d\u2019\u00e1gua:\u00a00 a 0,5% &#8211; Porcelanato<br \/>\nPe\u00e7as por caixa:\u00a04 unidades<br \/>\nm\u00b2 por caixa: 2,74<br \/>\nVaria\u00e7\u00e3o de faces:\u00a0Sem Varia\u00e7\u00e3o<\/p>\n","protected":false},"excerpt":{"rendered":"<p>PORCELANATO AVORIO POLIDO 83X83 Formato: 83&#215;83 cm Retificado:\u00a0Sim Espessura:\u00a08,8 mm Junta m\u00ednima:\u00a02 mm Acabamento Superficial:\u00a0POLIDO N\u00c3O ESMALTADO Indica\u00e7\u00e3o de uso:\u00a0TP\u00a0 [&hellip;]<\/p>\n","protected":false},"featured_media":2805,"template":"","meta":{"site-sidebar-layout":"default","site-content-layout":"","ast-site-content-layout":"default","site-content-style":"default","site-sidebar-style":"default","ast-global-header-display":"","ast-banner-title-visibility":"","ast-main-header-display":"","ast-hfb-above-header-display":"","ast-hfb-below-header-display":"","ast-hfb-mobile-header-display":"","site-post-title":"","ast-breadcrumbs-content":"","ast-featured-img":"","footer-sml-layout":"","theme-transparent-header-meta":"default","adv-header-id-meta":"","stick-header-meta":"","header-above-stick-meta":"","header-main-stick-meta":"","header-below-stick-meta":"","astra-migrate-meta-layouts":"set","ast-page-background-enabled":"default","ast-page-background-meta":{"desktop":{"background-color":"var(--ast-global-color-5)","background-image":"","background-repeat":"repeat","background-position":"center center","background-size":"auto","background-attachment":"scroll","background-type":"","background-media":"","overlay-type":"","overlay-color":"","overlay-opacity":"","overlay-gradient":""},"tablet":{"background-color":"","background-image":"","background-repeat":"repeat","background-position":"center center","background-size":"auto","background-attachment":"scroll","background-type":"","background-media":"","overlay-type":"","overlay-color":"","overlay-opacity":"","overlay-gradient":""},"mobile":{"background-color":"","background-image":"","background-repeat":"repeat","background-position":"center center","background-size":"auto","background-attachment":"scroll","background-type":"","background-media":"","overlay-type":"","overlay-color":"","overlay-opacity":"","overlay-gradient":""}},"ast-content-background-meta":{"desktop":{"background-color":"var(--ast-global-color-4)","background-image":"","background-repeat":"repeat","background-position":"center center","background-size":"auto","background-attachment":"scroll","background-type":"","background-media":"","overlay-type":"","overlay-color":"","overlay-opacity":"","overlay-gradient":""},"tablet":{"background-color":"var(--ast-global-color-4)","background-image":"","background-repeat":"repeat","background-position":"center center","background-size":"auto","background-attachment":"scroll","background-type":"","background-media":"","overlay-type":"","overlay-color":"","overlay-opacity":"","overlay-gradient":""},"mobile":{"background-color":"var(--ast-global-color-4)","background-image":"","background-repeat":"repeat","background-position":"center center","background-size":"auto","background-attachment":"scroll","background-type":"","background-media":"","overlay-type":"","overlay-color":"","overlay-opacity":"","overlay-gradient":""}},"_joinchat":[]},"product_brand":[],"product_cat":[99],"product_tag":[],"class_list":{"0":"post-2803","1":"product","2":"type-product","3":"status-publish","4":"has-post-thumbnail","6":"product_cat-pisos","7":"desktop-align-left","8":"tablet-align-left","9":"mobile-align-left","11":"first","12":"instock","13":"shipping-taxable","14":"product-type-simple"},"jetpack_sharing_enabled":true,"_links":{"self":[{"href":"https:\/\/locmasterconstrucao.com.br\/index.php\/wp-json\/wp\/v2\/product\/2803","targetHints":{"allow":["GET"]}}],"collection":[{"href":"https:\/\/locmasterconstrucao.com.br\/index.php\/wp-json\/wp\/v2\/product"}],"about":[{"href":"https:\/\/locmasterconstrucao.com.br\/index.php\/wp-json\/wp\/v2\/types\/product"}],"wp:featuredmedia":[{"embeddable":true,"href":"https:\/\/locmasterconstrucao.com.br\/index.php\/wp-json\/wp\/v2\/media\/2805"}],"wp:attachment":[{"href":"https:\/\/locmasterconstrucao.com.br\/index.php\/wp-json\/wp\/v2\/media?parent=2803"}],"wp:term":[{"taxonomy":"product_brand","embeddable":true,"href":"https:\/\/locmasterconstrucao.com.br\/index.php\/wp-json\/wp\/v2\/product_brand?post=2803"},{"taxonomy":"product_cat","embeddable":true,"href":"https:\/\/locmasterconstrucao.com.br\/index.php\/wp-json\/wp\/v2\/product_cat?post=2803"},{"taxonomy":"product_tag","embeddable":true,"href":"https:\/\/locmasterconstrucao.com.br\/index.php\/wp-json\/wp\/v2\/product_tag?post=2803"}],"curies":[{"name":"wp","href":"https:\/\/api.w.org\/{rel}","templated":true}]}}