{"id":2816,"date":"2025-10-01T14:58:38","date_gmt":"2025-10-01T17:58:38","guid":{"rendered":"https:\/\/locmasterconstrucao.com.br\/?post_type=product&#038;p=2816"},"modified":"2025-10-01T15:49:01","modified_gmt":"2025-10-01T18:49:01","slug":"ultra-floc-gel-montreal","status":"publish","type":"product","link":"https:\/\/locmasterconstrucao.com.br\/index.php\/produto\/ultra-floc-gel-montreal\/","title":{"rendered":"ULTRA FLOC GEL MONTREAL"},"content":{"rendered":"<p><strong>Blister com 4 unid.<\/strong><\/p>\n<p>&nbsp;<\/p>\n<p>O\u00a0<strong>Montreal Ultra Floc Gel<\/strong>\u00a0\u00e9 eficaz na\u00a0<strong>clarifica\u00e7\u00e3o da \u00e1gua<\/strong>\u00a0da piscina, al\u00e9m de auxiliar no processo de filtra\u00e7\u00e3o durante o tratamento. De\u00a0<strong>f\u00e1cil aplica\u00e7\u00e3o<\/strong>, ele promove a flocula\u00e7\u00e3o das impurezas dissolvidas na \u00e1gua, eliminando a turbidez e facilitando a decanta\u00e7\u00e3o das sujeiras.<\/p>\n<p>Com uma\u00a0<strong>concentra\u00e7\u00e3o de 62% de ativo<\/strong>, sua embalagem possui uma<strong>\u00a0tampa especial e exclusiva<\/strong>\u00a0que preserva o\u00a0<strong>poder ativo<\/strong>\u00a0por mais tempo.<\/p>\n<p>Cada unidade do Gel clarifica at\u00e9 25.000l de \u00e1gua.\u00a0<strong>Seu uso \u00e9 semanal<\/strong>.<\/p>\n<p><strong>Lembre-se:<\/strong>\u00a0Antes de aplicar o produto \u00e9 necess\u00e1rio realizar os ajustes dos par\u00e2metros, caso necess\u00e1rio.<\/p>\n<p>&nbsp;<\/p>\n<p>&nbsp;<\/p>\n<p>&nbsp;<\/p>\n<p>&nbsp;<\/p>\n<p>&nbsp;<\/p>\n","protected":false},"excerpt":{"rendered":"<p>Blister com 4 unid. &nbsp; O\u00a0Montreal Ultra Floc Gel\u00a0\u00e9 eficaz na\u00a0clarifica\u00e7\u00e3o da \u00e1gua\u00a0da piscina, al\u00e9m de auxiliar no processo de [&hellip;]<\/p>\n","protected":false},"featured_media":2820,"template":"","meta":{"site-sidebar-layout":"default","site-content-layout":"","ast-site-content-layout":"default","site-content-style":"default","site-sidebar-style":"default","ast-global-header-display":"","ast-banner-title-visibility":"","ast-main-header-display":"","ast-hfb-above-header-display":"","ast-hfb-below-header-display":"","ast-hfb-mobile-header-display":"","site-post-title":"","ast-breadcrumbs-content":"","ast-featured-img":"","footer-sml-layout":"","theme-transparent-header-meta":"default","adv-header-id-meta":"","stick-header-meta":"","header-above-stick-meta":"","header-main-stick-meta":"","header-below-stick-meta":"","astra-migrate-meta-layouts":"set","ast-page-background-enabled":"default","ast-page-background-meta":{"desktop":{"background-color":"var(--ast-global-color-5)","background-image":"","background-repeat":"repeat","background-position":"center center","background-size":"auto","background-attachment":"scroll","background-type":"","background-media":"","overlay-type":"","overlay-color":"","overlay-opacity":"","overlay-gradient":""},"tablet":{"background-color":"","background-image":"","background-repeat":"repeat","background-position":"center center","background-size":"auto","background-attachment":"scroll","background-type":"","background-media":"","overlay-type":"","overlay-color":"","overlay-opacity":"","overlay-gradient":""},"mobile":{"background-color":"","background-image":"","background-repeat":"repeat","background-position":"center center","background-size":"auto","background-attachment":"scroll","background-type":"","background-media":"","overlay-type":"","overlay-color":"","overlay-opacity":"","overlay-gradient":""}},"ast-content-background-meta":{"desktop":{"background-color":"var(--ast-global-color-4)","background-image":"","background-repeat":"repeat","background-position":"center center","background-size":"auto","background-attachment":"scroll","background-type":"","background-media":"","overlay-type":"","overlay-color":"","overlay-opacity":"","overlay-gradient":""},"tablet":{"background-color":"var(--ast-global-color-4)","background-image":"","background-repeat":"repeat","background-position":"center center","background-size":"auto","background-attachment":"scroll","background-type":"","background-media":"","overlay-type":"","overlay-color":"","overlay-opacity":"","overlay-gradient":""},"mobile":{"background-color":"var(--ast-global-color-4)","background-image":"","background-repeat":"repeat","background-position":"center center","background-size":"auto","background-attachment":"scroll","background-type":"","background-media":"","overlay-type":"","overlay-color":"","overlay-opacity":"","overlay-gradient":""}},"_joinchat":[]},"product_brand":[],"product_cat":[62],"product_tag":[115,114,49,113],"class_list":{"0":"post-2816","1":"product","2":"type-product","3":"status-publish","4":"has-post-thumbnail","6":"product_cat-piscina","7":"product_tag-cloro-piscina","8":"product_tag-montreal","9":"product_tag-piscina","10":"product_tag-ultrafloc-gel","11":"desktop-align-left","12":"tablet-align-left","13":"mobile-align-left","15":"first","16":"instock","17":"shipping-taxable","18":"product-type-simple"},"jetpack_sharing_enabled":true,"_links":{"self":[{"href":"https:\/\/locmasterconstrucao.com.br\/index.php\/wp-json\/wp\/v2\/product\/2816","targetHints":{"allow":["GET"]}}],"collection":[{"href":"https:\/\/locmasterconstrucao.com.br\/index.php\/wp-json\/wp\/v2\/product"}],"about":[{"href":"https:\/\/locmasterconstrucao.com.br\/index.php\/wp-json\/wp\/v2\/types\/product"}],"wp:featuredmedia":[{"embeddable":true,"href":"https:\/\/locmasterconstrucao.com.br\/index.php\/wp-json\/wp\/v2\/media\/2820"}],"wp:attachment":[{"href":"https:\/\/locmasterconstrucao.com.br\/index.php\/wp-json\/wp\/v2\/media?parent=2816"}],"wp:term":[{"taxonomy":"product_brand","embeddable":true,"href":"https:\/\/locmasterconstrucao.com.br\/index.php\/wp-json\/wp\/v2\/product_brand?post=2816"},{"taxonomy":"product_cat","embeddable":true,"href":"https:\/\/locmasterconstrucao.com.br\/index.php\/wp-json\/wp\/v2\/product_cat?post=2816"},{"taxonomy":"product_tag","embeddable":true,"href":"https:\/\/locmasterconstrucao.com.br\/index.php\/wp-json\/wp\/v2\/product_tag?post=2816"}],"curies":[{"name":"wp","href":"https:\/\/api.w.org\/{rel}","templated":true}]}}