{"id":2830,"date":"2025-10-02T14:11:03","date_gmt":"2025-10-02T17:11:03","guid":{"rendered":"https:\/\/locmasterconstrucao.com.br\/?post_type=product&#038;p=2830"},"modified":"2025-10-03T11:03:12","modified_gmt":"2025-10-03T14:03:12","slug":"tablete-tricoloro-5-unid-montreal","status":"publish","type":"product","link":"https:\/\/locmasterconstrucao.com.br\/index.php\/produto\/tablete-tricoloro-5-unid-montreal\/","title":{"rendered":"TABLETE TRICOLORO 5 UNID. MONTREAL"},"content":{"rendered":"<p>O Montreal Tablete Tricloro \u00e9 um excelente agente saneante para piscinas por oferecer 100% de ativo. Promove a libera\u00e7\u00e3o lenta e gradual do cloro, assegurando sua presen\u00e7a na \u00e1gua durante um longo per\u00edodo.<\/p>\n<p><img decoding=\"async\" class=\"img-fluid float-left\" style=\"font-style: inherit;font-weight: inherit\" src=\"https:\/\/sp-ao.shortpixel.ai\/client\/to_webp,q_glossy,ret_img\/https:\/\/www.montrealpiscinas.com.br\/wp-content\/uploads\/2020\/12\/tablete-5un.png\" \/><span style=\"font-size: 16px\">Pack 1 kg &#8211; 5 un. de 250gr cada<\/span><\/p>\n","protected":false},"excerpt":{"rendered":"<p>O Montreal Tablete Tricloro \u00e9 um excelente agente saneante para piscinas por oferecer 100% de ativo. Promove a libera\u00e7\u00e3o lenta [&hellip;]<\/p>\n","protected":false},"featured_media":2833,"template":"","meta":{"site-sidebar-layout":"default","site-content-layout":"","ast-site-content-layout":"default","site-content-style":"default","site-sidebar-style":"default","ast-global-header-display":"","ast-banner-title-visibility":"","ast-main-header-display":"","ast-hfb-above-header-display":"","ast-hfb-below-header-display":"","ast-hfb-mobile-header-display":"","site-post-title":"","ast-breadcrumbs-content":"","ast-featured-img":"","footer-sml-layout":"","theme-transparent-header-meta":"default","adv-header-id-meta":"","stick-header-meta":"","header-above-stick-meta":"","header-main-stick-meta":"","header-below-stick-meta":"","astra-migrate-meta-layouts":"set","ast-page-background-enabled":"default","ast-page-background-meta":{"desktop":{"background-color":"var(--ast-global-color-5)","background-image":"","background-repeat":"repeat","background-position":"center center","background-size":"auto","background-attachment":"scroll","background-type":"","background-media":"","overlay-type":"","overlay-color":"","overlay-opacity":"","overlay-gradient":""},"tablet":{"background-color":"","background-image":"","background-repeat":"repeat","background-position":"center center","background-size":"auto","background-attachment":"scroll","background-type":"","background-media":"","overlay-type":"","overlay-color":"","overlay-opacity":"","overlay-gradient":""},"mobile":{"background-color":"","background-image":"","background-repeat":"repeat","background-position":"center center","background-size":"auto","background-attachment":"scroll","background-type":"","background-media":"","overlay-type":"","overlay-color":"","overlay-opacity":"","overlay-gradient":""}},"ast-content-background-meta":{"desktop":{"background-color":"var(--ast-global-color-4)","background-image":"","background-repeat":"repeat","background-position":"center center","background-size":"auto","background-attachment":"scroll","background-type":"","background-media":"","overlay-type":"","overlay-color":"","overlay-opacity":"","overlay-gradient":""},"tablet":{"background-color":"var(--ast-global-color-4)","background-image":"","background-repeat":"repeat","background-position":"center center","background-size":"auto","background-attachment":"scroll","background-type":"","background-media":"","overlay-type":"","overlay-color":"","overlay-opacity":"","overlay-gradient":""},"mobile":{"background-color":"var(--ast-global-color-4)","background-image":"","background-repeat":"repeat","background-position":"center center","background-size":"auto","background-attachment":"scroll","background-type":"","background-media":"","overlay-type":"","overlay-color":"","overlay-opacity":"","overlay-gradient":""}},"_joinchat":[]},"product_brand":[],"product_cat":[62],"product_tag":[115,114,49],"class_list":{"0":"post-2830","1":"product","2":"type-product","3":"status-publish","4":"has-post-thumbnail","6":"product_cat-piscina","7":"product_tag-cloro-piscina","8":"product_tag-montreal","9":"product_tag-piscina","10":"desktop-align-left","11":"tablet-align-left","12":"mobile-align-left","14":"first","15":"instock","16":"shipping-taxable","17":"product-type-simple"},"jetpack_sharing_enabled":true,"_links":{"self":[{"href":"https:\/\/locmasterconstrucao.com.br\/index.php\/wp-json\/wp\/v2\/product\/2830","targetHints":{"allow":["GET"]}}],"collection":[{"href":"https:\/\/locmasterconstrucao.com.br\/index.php\/wp-json\/wp\/v2\/product"}],"about":[{"href":"https:\/\/locmasterconstrucao.com.br\/index.php\/wp-json\/wp\/v2\/types\/product"}],"wp:featuredmedia":[{"embeddable":true,"href":"https:\/\/locmasterconstrucao.com.br\/index.php\/wp-json\/wp\/v2\/media\/2833"}],"wp:attachment":[{"href":"https:\/\/locmasterconstrucao.com.br\/index.php\/wp-json\/wp\/v2\/media?parent=2830"}],"wp:term":[{"taxonomy":"product_brand","embeddable":true,"href":"https:\/\/locmasterconstrucao.com.br\/index.php\/wp-json\/wp\/v2\/product_brand?post=2830"},{"taxonomy":"product_cat","embeddable":true,"href":"https:\/\/locmasterconstrucao.com.br\/index.php\/wp-json\/wp\/v2\/product_cat?post=2830"},{"taxonomy":"product_tag","embeddable":true,"href":"https:\/\/locmasterconstrucao.com.br\/index.php\/wp-json\/wp\/v2\/product_tag?post=2830"}],"curies":[{"name":"wp","href":"https:\/\/api.w.org\/{rel}","templated":true}]}}