{"id":2844,"date":"2025-10-03T09:00:56","date_gmt":"2025-10-03T12:00:56","guid":{"rendered":"https:\/\/locmasterconstrucao.com.br\/?post_type=product&#038;p=2844"},"modified":"2025-10-03T10:31:13","modified_gmt":"2025-10-03T13:31:13","slug":"ligth-blue-3-em-1-1kg-montreal","status":"publish","type":"product","link":"https:\/\/locmasterconstrucao.com.br\/index.php\/produto\/ligth-blue-3-em-1-1kg-montreal\/","title":{"rendered":"LIGTH BLUE 3 EM 1 01KG MONTREAL"},"content":{"rendered":"<p>O\u00a0<strong>Montreal Light Blue 3 em 1<\/strong>\u00a0\u00e9 um poderoso oxidante que atua na\u00a0<strong>elimina\u00e7\u00e3o de impurezas, microrganismos e no combate da forma\u00e7\u00e3o de algas<\/strong>\u00a0e que n\u00e3o altera o pH. Quando dissolvido na \u00e1gua, o produto forma um\u00a0<strong>estabilizador de cloro<\/strong>\u00a0que impede a sua perda pela a\u00e7\u00e3o dos raios solares, tornando-o assim, um\u00a0<strong>produto econ\u00f4mico<\/strong>, pois a necessidade de uso torna-se menor.<\/p>\n<p><strong>Lembre-se:<\/strong>\u00a0Antes de aplicar o produto \u00e9 necess\u00e1rio realizar os ajustes dos par\u00e2metros, caso necess\u00e1rio.<\/p>\n<p>Utilize o Montreal Light Blue 3 em 1 e garanta o\u00a0<strong>melhor para sua piscina<\/strong>\u00a0<span class=\"fe5nidar khvhiq1o r5qsrrlp i5tg98hk f9ovudaz przvwfww gx1rr48f gfz4du6o r7fjleex nz2484kf svot0ezm dcnh1tix sxl192xd t3g6t33p\"><span class=\"mpj7bzys xzlurrtv\">\ud83d\udca6<\/span><\/span><\/p>\n","protected":false},"excerpt":{"rendered":"<p>O\u00a0Montreal Light Blue 3 em 1\u00a0\u00e9 um poderoso oxidante que atua na\u00a0elimina\u00e7\u00e3o de impurezas, microrganismos e no combate da forma\u00e7\u00e3o [&hellip;]<\/p>\n","protected":false},"featured_media":2840,"template":"","meta":{"site-sidebar-layout":"default","site-content-layout":"","ast-site-content-layout":"default","site-content-style":"default","site-sidebar-style":"default","ast-global-header-display":"","ast-banner-title-visibility":"","ast-main-header-display":"","ast-hfb-above-header-display":"","ast-hfb-below-header-display":"","ast-hfb-mobile-header-display":"","site-post-title":"","ast-breadcrumbs-content":"","ast-featured-img":"","footer-sml-layout":"","theme-transparent-header-meta":"default","adv-header-id-meta":"","stick-header-meta":"","header-above-stick-meta":"","header-main-stick-meta":"","header-below-stick-meta":"","astra-migrate-meta-layouts":"set","ast-page-background-enabled":"default","ast-page-background-meta":{"desktop":{"background-color":"var(--ast-global-color-5)","background-image":"","background-repeat":"repeat","background-position":"center center","background-size":"auto","background-attachment":"scroll","background-type":"","background-media":"","overlay-type":"","overlay-color":"","overlay-opacity":"","overlay-gradient":""},"tablet":{"background-color":"","background-image":"","background-repeat":"repeat","background-position":"center center","background-size":"auto","background-attachment":"scroll","background-type":"","background-media":"","overlay-type":"","overlay-color":"","overlay-opacity":"","overlay-gradient":""},"mobile":{"background-color":"","background-image":"","background-repeat":"repeat","background-position":"center center","background-size":"auto","background-attachment":"scroll","background-type":"","background-media":"","overlay-type":"","overlay-color":"","overlay-opacity":"","overlay-gradient":""}},"ast-content-background-meta":{"desktop":{"background-color":"var(--ast-global-color-4)","background-image":"","background-repeat":"repeat","background-position":"center center","background-size":"auto","background-attachment":"scroll","background-type":"","background-media":"","overlay-type":"","overlay-color":"","overlay-opacity":"","overlay-gradient":""},"tablet":{"background-color":"var(--ast-global-color-4)","background-image":"","background-repeat":"repeat","background-position":"center center","background-size":"auto","background-attachment":"scroll","background-type":"","background-media":"","overlay-type":"","overlay-color":"","overlay-opacity":"","overlay-gradient":""},"mobile":{"background-color":"var(--ast-global-color-4)","background-image":"","background-repeat":"repeat","background-position":"center center","background-size":"auto","background-attachment":"scroll","background-type":"","background-media":"","overlay-type":"","overlay-color":"","overlay-opacity":"","overlay-gradient":""}},"_joinchat":[]},"product_brand":[],"product_cat":[62],"product_tag":[115,114,49],"class_list":{"0":"post-2844","1":"product","2":"type-product","3":"status-publish","4":"has-post-thumbnail","6":"product_cat-piscina","7":"product_tag-cloro-piscina","8":"product_tag-montreal","9":"product_tag-piscina","10":"desktop-align-left","11":"tablet-align-left","12":"mobile-align-left","14":"first","15":"instock","16":"shipping-taxable","17":"product-type-simple"},"jetpack_sharing_enabled":true,"_links":{"self":[{"href":"https:\/\/locmasterconstrucao.com.br\/index.php\/wp-json\/wp\/v2\/product\/2844","targetHints":{"allow":["GET"]}}],"collection":[{"href":"https:\/\/locmasterconstrucao.com.br\/index.php\/wp-json\/wp\/v2\/product"}],"about":[{"href":"https:\/\/locmasterconstrucao.com.br\/index.php\/wp-json\/wp\/v2\/types\/product"}],"wp:featuredmedia":[{"embeddable":true,"href":"https:\/\/locmasterconstrucao.com.br\/index.php\/wp-json\/wp\/v2\/media\/2840"}],"wp:attachment":[{"href":"https:\/\/locmasterconstrucao.com.br\/index.php\/wp-json\/wp\/v2\/media?parent=2844"}],"wp:term":[{"taxonomy":"product_brand","embeddable":true,"href":"https:\/\/locmasterconstrucao.com.br\/index.php\/wp-json\/wp\/v2\/product_brand?post=2844"},{"taxonomy":"product_cat","embeddable":true,"href":"https:\/\/locmasterconstrucao.com.br\/index.php\/wp-json\/wp\/v2\/product_cat?post=2844"},{"taxonomy":"product_tag","embeddable":true,"href":"https:\/\/locmasterconstrucao.com.br\/index.php\/wp-json\/wp\/v2\/product_tag?post=2844"}],"curies":[{"name":"wp","href":"https:\/\/api.w.org\/{rel}","templated":true}]}}