{"id":3045,"date":"2026-02-19T10:50:00","date_gmt":"2026-02-19T13:50:00","guid":{"rendered":"https:\/\/locmasterconstrucao.com.br\/?post_type=product&#038;p=3045"},"modified":"2026-02-19T10:50:00","modified_gmt":"2026-02-19T13:50:00","slug":"piso-extra-gran-vision-abs-82x82","status":"publish","type":"product","link":"https:\/\/locmasterconstrucao.com.br\/index.php\/produto\/piso-extra-gran-vision-abs-82x82\/","title":{"rendered":"PISO EXTRA GRAN VISION ABS 82X82"},"content":{"rendered":"<p><strong>PISO EXTRA GRAN VISION ABS 82X82<\/strong><\/p>\n<div><span class=\"info-produto\">MARCA:<\/span>\u00a0<span class=\"info-produto-resultado\">ROCHACER\u00c2MICA<\/span><\/div>\n<div><span class=\"info-produto\">TIPOLOGIA:<\/span>\u00a0<span class=\"info-produto-resultado\">ABS<\/span><\/div>\n<div><span class=\"info-produto\">FORMATO:<\/span>\u00a0<span class=\"info-produto-resultado\">82 x 82 Retificado<\/span><\/div>\n<div><span class=\"info-produto\">LINHA:<\/span>\u00a0<span class=\"info-produto-resultado\">PR\u00c1TICA RETIFICADO &#8211; MAIOR RESIST\u00caNCIA A MANCHA D&#8217;\u00c1GUA<\/span><\/div>\n<div><span class=\"info-produto\">LOCAIS DE USO:\u00a0<\/span><span class=\"info-produto-resultado\">LD<\/span>\u00a0<i class=\"fas fa-info-circle\"><\/i><\/div>\n<div><span class=\"info-produto\">VARIACAO DE TONALIDADE E DESENHO:<\/span>\u00a0<span class=\"info-produto-resultado\">V2<\/span>\u00a0<i class=\"fas fa-info-circle\"><\/i><\/div>\n<div><span class=\"info-produto\">FACES:\u00a0<\/span><span class=\"info-produto-resultado\">3<\/span><\/div>\n<div><span class=\"info-produto-resultado\">BIIb &#8211;\u00a0<\/span><span class=\"info-produto\">ABSOR\u00c7\u00c3O DE \u00c1GUA:\u00a0<\/span><span class=\"info-produto-resultado\">DE 6% A 10%<\/span><\/div>\n<div>\n<div class=\"title\">ESPECIFICA\u00c7\u00d5ES T\u00c9CNICAS<\/div>\n<div class=\"area-especificao-tecnica\"><span class=\"especificao-tecnica\">ESPESSURA: <\/span><span class=\"especificao-tecnica-resultado\">8,4 mm<\/span><\/div>\n<div class=\"area-especificao-tecnica\"><span class=\"especificao-tecnica\">PESO\/CAIXA: <\/span><span class=\"especificao-tecnica-resultado\">46 kg<\/span><\/div>\n<div class=\"area-especificao-tecnica\"><span class=\"especificao-tecnica\">m2\/CAIXA: <\/span><span class=\"especificao-tecnica-resultado\">2,70 m2<\/span><\/div>\n<div class=\"area-especificao-tecnica\"><span class=\"especificao-tecnica\">JUNTA M\u00cdNIMA: <\/span><span class=\"especificao-tecnica-resultado\">2,0 mm<\/span><\/div>\n<div class=\"area-especificao-tecnica\"><span class=\"especificao-tecnica\">RETIFICADO: <\/span><span class=\"especificao-tecnica-resultado\">SIM<\/span><\/div>\n<div class=\"area-especificao-tecnica\"><span class=\"especificao-tecnica\">PE\u00c7AS\/CAIXA: 04<\/span><\/div>\n<div><\/div>\n<\/div>\n","protected":false},"excerpt":{"rendered":"<p>PISO EXTRA GRAN VISION ABS 82X82 MARCA:\u00a0ROCHACER\u00c2MICA TIPOLOGIA:\u00a0ABS FORMATO:\u00a082 x 82 Retificado LINHA:\u00a0PR\u00c1TICA RETIFICADO &#8211; MAIOR RESIST\u00caNCIA A MANCHA D&#8217;\u00c1GUA [&hellip;]<\/p>\n","protected":false},"featured_media":3047,"template":"","meta":{"site-sidebar-layout":"default","site-content-layout":"","ast-site-content-layout":"default","site-content-style":"default","site-sidebar-style":"default","ast-global-header-display":"","ast-banner-title-visibility":"","ast-main-header-display":"","ast-hfb-above-header-display":"","ast-hfb-below-header-display":"","ast-hfb-mobile-header-display":"","site-post-title":"","ast-breadcrumbs-content":"","ast-featured-img":"","footer-sml-layout":"","theme-transparent-header-meta":"default","adv-header-id-meta":"","stick-header-meta":"","header-above-stick-meta":"","header-main-stick-meta":"","header-below-stick-meta":"","astra-migrate-meta-layouts":"set","ast-page-background-enabled":"default","ast-page-background-meta":{"desktop":{"background-color":"var(--ast-global-color-5)","background-image":"","background-repeat":"repeat","background-position":"center center","background-size":"auto","background-attachment":"scroll","background-type":"","background-media":"","overlay-type":"","overlay-color":"","overlay-opacity":"","overlay-gradient":""},"tablet":{"background-color":"","background-image":"","background-repeat":"repeat","background-position":"center center","background-size":"auto","background-attachment":"scroll","background-type":"","background-media":"","overlay-type":"","overlay-color":"","overlay-opacity":"","overlay-gradient":""},"mobile":{"background-color":"","background-image":"","background-repeat":"repeat","background-position":"center center","background-size":"auto","background-attachment":"scroll","background-type":"","background-media":"","overlay-type":"","overlay-color":"","overlay-opacity":"","overlay-gradient":""}},"ast-content-background-meta":{"desktop":{"background-color":"var(--ast-global-color-4)","background-image":"","background-repeat":"repeat","background-position":"center center","background-size":"auto","background-attachment":"scroll","background-type":"","background-media":"","overlay-type":"","overlay-color":"","overlay-opacity":"","overlay-gradient":""},"tablet":{"background-color":"var(--ast-global-color-4)","background-image":"","background-repeat":"repeat","background-position":"center center","background-size":"auto","background-attachment":"scroll","background-type":"","background-media":"","overlay-type":"","overlay-color":"","overlay-opacity":"","overlay-gradient":""},"mobile":{"background-color":"var(--ast-global-color-4)","background-image":"","background-repeat":"repeat","background-position":"center center","background-size":"auto","background-attachment":"scroll","background-type":"","background-media":"","overlay-type":"","overlay-color":"","overlay-opacity":"","overlay-gradient":""}},"_joinchat":[]},"product_brand":[],"product_cat":[99],"product_tag":[],"class_list":{"0":"post-3045","1":"product","2":"type-product","3":"status-publish","4":"has-post-thumbnail","6":"product_cat-pisos","7":"desktop-align-left","8":"tablet-align-left","9":"mobile-align-left","11":"first","12":"instock","13":"shipping-taxable","14":"product-type-simple"},"jetpack_sharing_enabled":true,"_links":{"self":[{"href":"https:\/\/locmasterconstrucao.com.br\/index.php\/wp-json\/wp\/v2\/product\/3045","targetHints":{"allow":["GET"]}}],"collection":[{"href":"https:\/\/locmasterconstrucao.com.br\/index.php\/wp-json\/wp\/v2\/product"}],"about":[{"href":"https:\/\/locmasterconstrucao.com.br\/index.php\/wp-json\/wp\/v2\/types\/product"}],"wp:featuredmedia":[{"embeddable":true,"href":"https:\/\/locmasterconstrucao.com.br\/index.php\/wp-json\/wp\/v2\/media\/3047"}],"wp:attachment":[{"href":"https:\/\/locmasterconstrucao.com.br\/index.php\/wp-json\/wp\/v2\/media?parent=3045"}],"wp:term":[{"taxonomy":"product_brand","embeddable":true,"href":"https:\/\/locmasterconstrucao.com.br\/index.php\/wp-json\/wp\/v2\/product_brand?post=3045"},{"taxonomy":"product_cat","embeddable":true,"href":"https:\/\/locmasterconstrucao.com.br\/index.php\/wp-json\/wp\/v2\/product_cat?post=3045"},{"taxonomy":"product_tag","embeddable":true,"href":"https:\/\/locmasterconstrucao.com.br\/index.php\/wp-json\/wp\/v2\/product_tag?post=3045"}],"curies":[{"name":"wp","href":"https:\/\/api.w.org\/{rel}","templated":true}]}}