{"id":3053,"date":"2026-02-19T11:34:33","date_gmt":"2026-02-19T14:34:33","guid":{"rendered":"https:\/\/locmasterconstrucao.com.br\/?post_type=product&#038;p=3053"},"modified":"2026-02-19T11:34:33","modified_gmt":"2026-02-19T14:34:33","slug":"piso-extra-hd-5757722-57-x-57","status":"publish","type":"product","link":"https:\/\/locmasterconstrucao.com.br\/index.php\/produto\/piso-extra-hd-5757722-57-x-57\/","title":{"rendered":"PISO EXTRA HD 5757722 57 X 57"},"content":{"rendered":"<p><strong>PISO EXTRA HD 5757722 57 X 57<\/strong><\/p>\n<div><span class=\"info-produto\">MARCA:<\/span>\u00a0<span class=\"info-produto-resultado\">ROCHAFORTE<\/span><\/div>\n<div><span class=\"info-produto\">TIPOLOGIA:<\/span>\u00a0<span class=\"info-produto-resultado\">BRILHANTE<\/span><\/div>\n<div><span class=\"info-produto\">FORMATO:<\/span>\u00a0<span class=\"info-produto-resultado\">57 x 57<\/span><\/div>\n<div><span class=\"info-produto\">LINHA:<\/span>\u00a0<span class=\"info-produto-resultado\">HD &#8211; ALTA DEFINI\u00c7\u00c3O<\/span><\/div>\n<div><span class=\"info-produto\">LOCAIS DE USO:\u00a0<\/span><span class=\"info-produto-resultado\">LC<\/span>\u00a0<span class=\"info-produto-chao-parede\"><img decoding=\"async\" src=\"https:\/\/www.portalgruporocha.com.br\/images\/produtos\/footsteps-silhouette-variant.png\" \/><i class=\"fas fa-info-circle\"><\/i><\/span><\/div>\n<div><span class=\"info-produto\">FACES:\u00a0<\/span><span class=\"info-produto-resultado\">3<\/span><\/div>\n<div><span class=\"info-produto-resultado\">BIIb &#8211;\u00a0<\/span><span class=\"info-produto\">ABSOR\u00c7\u00c3O DE \u00c1GUA:\u00a0<\/span><span class=\"info-produto-resultado\">DE 6% A 10%<\/span><\/div>\n<div><\/div>\n<div>\n<div class=\"title\">ESPECIFICA\u00c7\u00d5ES T\u00c9CNICAS<\/div>\n<div class=\"area-especificao-tecnica\"><span class=\"especificao-tecnica\">ESPESSURA: <\/span><span class=\"especificao-tecnica-resultado\">6,7 mm<\/span><\/div>\n<div class=\"area-especificao-tecnica\"><span class=\"especificao-tecnica\">PESO\/CAIXA: <\/span><span class=\"especificao-tecnica-resultado\">42 kg<\/span><\/div>\n<div class=\"area-especificao-tecnica\"><span class=\"especificao-tecnica\">m2\/CAIXA :<\/span><span class=\"especificao-tecnica-resultado\">3,30 m2<\/span><\/div>\n<div class=\"area-especificao-tecnica\"><span class=\"especificao-tecnica\">RETIFICADO: <\/span><span class=\"especificao-tecnica-resultado\">N\u00c3O<\/span><\/div>\n<div class=\"area-especificao-tecnica\"><span class=\"especificao-tecnica\">PE\u00c7AS\/CAIXA: 10<\/span><\/div>\n<\/div>\n","protected":false},"excerpt":{"rendered":"<p>PISO EXTRA HD 5757722 57 X 57 MARCA:\u00a0ROCHAFORTE TIPOLOGIA:\u00a0BRILHANTE FORMATO:\u00a057 x 57 LINHA:\u00a0HD &#8211; ALTA DEFINI\u00c7\u00c3O LOCAIS DE USO:\u00a0LC\u00a0 FACES:\u00a03 [&hellip;]<\/p>\n","protected":false},"featured_media":3055,"template":"","meta":{"site-sidebar-layout":"default","site-content-layout":"","ast-site-content-layout":"default","site-content-style":"default","site-sidebar-style":"default","ast-global-header-display":"","ast-banner-title-visibility":"","ast-main-header-display":"","ast-hfb-above-header-display":"","ast-hfb-below-header-display":"","ast-hfb-mobile-header-display":"","site-post-title":"","ast-breadcrumbs-content":"","ast-featured-img":"","footer-sml-layout":"","theme-transparent-header-meta":"default","adv-header-id-meta":"","stick-header-meta":"","header-above-stick-meta":"","header-main-stick-meta":"","header-below-stick-meta":"","astra-migrate-meta-layouts":"set","ast-page-background-enabled":"default","ast-page-background-meta":{"desktop":{"background-color":"var(--ast-global-color-5)","background-image":"","background-repeat":"repeat","background-position":"center center","background-size":"auto","background-attachment":"scroll","background-type":"","background-media":"","overlay-type":"","overlay-color":"","overlay-opacity":"","overlay-gradient":""},"tablet":{"background-color":"","background-image":"","background-repeat":"repeat","background-position":"center center","background-size":"auto","background-attachment":"scroll","background-type":"","background-media":"","overlay-type":"","overlay-color":"","overlay-opacity":"","overlay-gradient":""},"mobile":{"background-color":"","background-image":"","background-repeat":"repeat","background-position":"center center","background-size":"auto","background-attachment":"scroll","background-type":"","background-media":"","overlay-type":"","overlay-color":"","overlay-opacity":"","overlay-gradient":""}},"ast-content-background-meta":{"desktop":{"background-color":"var(--ast-global-color-4)","background-image":"","background-repeat":"repeat","background-position":"center center","background-size":"auto","background-attachment":"scroll","background-type":"","background-media":"","overlay-type":"","overlay-color":"","overlay-opacity":"","overlay-gradient":""},"tablet":{"background-color":"var(--ast-global-color-4)","background-image":"","background-repeat":"repeat","background-position":"center center","background-size":"auto","background-attachment":"scroll","background-type":"","background-media":"","overlay-type":"","overlay-color":"","overlay-opacity":"","overlay-gradient":""},"mobile":{"background-color":"var(--ast-global-color-4)","background-image":"","background-repeat":"repeat","background-position":"center center","background-size":"auto","background-attachment":"scroll","background-type":"","background-media":"","overlay-type":"","overlay-color":"","overlay-opacity":"","overlay-gradient":""}},"_joinchat":[]},"product_brand":[],"product_cat":[99],"product_tag":[],"class_list":{"0":"post-3053","1":"product","2":"type-product","3":"status-publish","4":"has-post-thumbnail","6":"product_cat-pisos","7":"desktop-align-left","8":"tablet-align-left","9":"mobile-align-left","11":"first","12":"instock","13":"shipping-taxable","14":"product-type-simple"},"jetpack_sharing_enabled":true,"_links":{"self":[{"href":"https:\/\/locmasterconstrucao.com.br\/index.php\/wp-json\/wp\/v2\/product\/3053","targetHints":{"allow":["GET"]}}],"collection":[{"href":"https:\/\/locmasterconstrucao.com.br\/index.php\/wp-json\/wp\/v2\/product"}],"about":[{"href":"https:\/\/locmasterconstrucao.com.br\/index.php\/wp-json\/wp\/v2\/types\/product"}],"wp:featuredmedia":[{"embeddable":true,"href":"https:\/\/locmasterconstrucao.com.br\/index.php\/wp-json\/wp\/v2\/media\/3055"}],"wp:attachment":[{"href":"https:\/\/locmasterconstrucao.com.br\/index.php\/wp-json\/wp\/v2\/media?parent=3053"}],"wp:term":[{"taxonomy":"product_brand","embeddable":true,"href":"https:\/\/locmasterconstrucao.com.br\/index.php\/wp-json\/wp\/v2\/product_brand?post=3053"},{"taxonomy":"product_cat","embeddable":true,"href":"https:\/\/locmasterconstrucao.com.br\/index.php\/wp-json\/wp\/v2\/product_cat?post=3053"},{"taxonomy":"product_tag","embeddable":true,"href":"https:\/\/locmasterconstrucao.com.br\/index.php\/wp-json\/wp\/v2\/product_tag?post=3053"}],"curies":[{"name":"wp","href":"https:\/\/api.w.org\/{rel}","templated":true}]}}