{"id":309,"date":"2024-02-23T09:45:00","date_gmt":"2024-02-23T12:45:00","guid":{"rendered":"https:\/\/locmasterconstrucao.com.br\/?post_type=product&#038;p=309"},"modified":"2024-02-23T09:46:45","modified_gmt":"2024-02-23T12:46:45","slug":"caixa-pluvial-mallton","status":"publish","type":"product","link":"https:\/\/locmasterconstrucao.com.br\/index.php\/produto\/caixa-pluvial-mallton\/","title":{"rendered":"CAIXA PLUVIAL MALLTON"},"content":{"rendered":"<p>CAIXA COLETORA DE \u00c1GUA PLUVIAL &#8211; CAIXA DE AREIA &#8211; MALLTON<\/p>\n<p>UTILIZADA PARA RECOLHER DETRITOS CONTIDOS NAS TUBULA\u00c7\u00d5ES DE \u00c1GUAS PLUVIAIS,E PERMITEM INSPE\u00c7\u00c3O DO SISTEMA.<\/p>\n<p>S\u00c3O INDICADAS PARA REDES ENTERRADAS DE DRENAGEM PLUVIAL ATE DN 100 EM OBRAS RESIDENCIAIS OU COMERCIAIS.<\/p>\n<p>FABRICADA EM POLIPROPILENO (PP) &#8211; RESISTENTE DE F\u00c1CIL MANUSEIO E INSTALA\u00c7\u00c3O<\/p>\n<p>MEDIDAS 44 X 35 X 41 cm<\/p>\n<p>PESO 2, 6 KG<\/p>\n<p>ITENS INCLUSO: CAIXA E TAMPA<\/p>\n<p>APROVADO POR CONCESSIONARIAS DE \u00c1GUA E ESGOTO DE TODO BRASIL<\/p>\n","protected":false},"excerpt":{"rendered":"<p>CAIXA COLETORA DE \u00c1GUA PLUVIAL &#8211; CAIXA DE AREIA &#8211; MALLTON UTILIZADA PARA RECOLHER DETRITOS CONTIDOS NAS TUBULA\u00c7\u00d5ES DE \u00c1GUAS [&hellip;]<\/p>\n","protected":false},"featured_media":310,"template":"","meta":{"site-sidebar-layout":"default","site-content-layout":"","ast-site-content-layout":"default","site-content-style":"default","site-sidebar-style":"default","ast-global-header-display":"","ast-banner-title-visibility":"","ast-main-header-display":"","ast-hfb-above-header-display":"","ast-hfb-below-header-display":"","ast-hfb-mobile-header-display":"","site-post-title":"","ast-breadcrumbs-content":"","ast-featured-img":"","footer-sml-layout":"","theme-transparent-header-meta":"","adv-header-id-meta":"","stick-header-meta":"","header-above-stick-meta":"","header-main-stick-meta":"","header-below-stick-meta":"","astra-migrate-meta-layouts":"default","ast-page-background-enabled":"default","ast-page-background-meta":{"desktop":{"background-color":"var(--ast-global-color-5)","background-image":"","background-repeat":"repeat","background-position":"center center","background-size":"auto","background-attachment":"scroll","background-type":"","background-media":"","overlay-type":"","overlay-color":"","overlay-opacity":"","overlay-gradient":""},"tablet":{"background-color":"","background-image":"","background-repeat":"repeat","background-position":"center center","background-size":"auto","background-attachment":"scroll","background-type":"","background-media":"","overlay-type":"","overlay-color":"","overlay-opacity":"","overlay-gradient":""},"mobile":{"background-color":"","background-image":"","background-repeat":"repeat","background-position":"center center","background-size":"auto","background-attachment":"scroll","background-type":"","background-media":"","overlay-type":"","overlay-color":"","overlay-opacity":"","overlay-gradient":""}},"ast-content-background-meta":{"desktop":{"background-color":"var(--ast-global-color-4)","background-image":"","background-repeat":"repeat","background-position":"center center","background-size":"auto","background-attachment":"scroll","background-type":"","background-media":"","overlay-type":"","overlay-color":"","overlay-opacity":"","overlay-gradient":""},"tablet":{"background-color":"var(--ast-global-color-4)","background-image":"","background-repeat":"repeat","background-position":"center center","background-size":"auto","background-attachment":"scroll","background-type":"","background-media":"","overlay-type":"","overlay-color":"","overlay-opacity":"","overlay-gradient":""},"mobile":{"background-color":"var(--ast-global-color-4)","background-image":"","background-repeat":"repeat","background-position":"center center","background-size":"auto","background-attachment":"scroll","background-type":"","background-media":"","overlay-type":"","overlay-color":"","overlay-opacity":"","overlay-gradient":""}},"_joinchat":[]},"product_brand":[],"product_cat":[19],"product_tag":[],"class_list":{"0":"post-309","1":"product","2":"type-product","3":"status-publish","4":"has-post-thumbnail","6":"product_cat-hidraulica","7":"desktop-align-left","8":"tablet-align-left","9":"mobile-align-left","11":"first","12":"instock","13":"shipping-taxable","14":"product-type-simple"},"jetpack_sharing_enabled":true,"_links":{"self":[{"href":"https:\/\/locmasterconstrucao.com.br\/index.php\/wp-json\/wp\/v2\/product\/309","targetHints":{"allow":["GET"]}}],"collection":[{"href":"https:\/\/locmasterconstrucao.com.br\/index.php\/wp-json\/wp\/v2\/product"}],"about":[{"href":"https:\/\/locmasterconstrucao.com.br\/index.php\/wp-json\/wp\/v2\/types\/product"}],"wp:featuredmedia":[{"embeddable":true,"href":"https:\/\/locmasterconstrucao.com.br\/index.php\/wp-json\/wp\/v2\/media\/310"}],"wp:attachment":[{"href":"https:\/\/locmasterconstrucao.com.br\/index.php\/wp-json\/wp\/v2\/media?parent=309"}],"wp:term":[{"taxonomy":"product_brand","embeddable":true,"href":"https:\/\/locmasterconstrucao.com.br\/index.php\/wp-json\/wp\/v2\/product_brand?post=309"},{"taxonomy":"product_cat","embeddable":true,"href":"https:\/\/locmasterconstrucao.com.br\/index.php\/wp-json\/wp\/v2\/product_cat?post=309"},{"taxonomy":"product_tag","embeddable":true,"href":"https:\/\/locmasterconstrucao.com.br\/index.php\/wp-json\/wp\/v2\/product_tag?post=309"}],"curies":[{"name":"wp","href":"https:\/\/api.w.org\/{rel}","templated":true}]}}