{"id":3146,"date":"2026-04-16T11:42:45","date_gmt":"2026-04-16T14:42:45","guid":{"rendered":"https:\/\/locmasterconstrucao.com.br\/?post_type=product&#038;p=3146"},"modified":"2026-04-16T11:44:41","modified_gmt":"2026-04-16T14:44:41","slug":"3146","status":"publish","type":"product","link":"https:\/\/locmasterconstrucao.com.br\/index.php\/produto\/3146\/","title":{"rendered":"TORNEIRA LAVAT BANC EVIDENCE 1\/4 VOLTA 6031 &#8211; C81"},"content":{"rendered":"<h4><strong>TORNEIRA LAVAT BANC EVIDENCE 1\/4 VOLTA 6031 &#8211; C81<\/strong><\/h4>\n<p>&nbsp;<\/p>\n<p><strong>Caracteristicas do produto:<\/strong><\/p>\n<div>\n<p>\u2022\u00a0\u00a0 \u00a0Mecanismo de veda\u00e7\u00e3o 1\/4 Volta M22 com pastilha cer\u00e2mica.<br \/>\n\u2022\u00a0\u00a0 \u00a0Mecanismo que permite a economia de \u00e1gua em at\u00e9 50% sem o uso de arejador e em at\u00e9 80% com o uso do arejador.<br \/>\n\u2022\u00a0\u00a0 \u00a0Linha com utiliza\u00e7\u00e3o de cano 3\/4 e com um arejador m\u00f3vel Neoperl, o qual mistura \u00e1gua com ar, dando um aspecto de bolhas na \u00e1gua e evitando respingos, pois elimina o spray d\u2019\u00e1gua.<br \/>\n\u2022\u00a0\u00a0 \u00a0Torneira com \u00e2ngulo de 45\u00ba, com base fixa na bancada e corpo girat\u00f3rio num \u00e2ngulo de 360\u00ba.<br \/>\n\u2022\u00a0\u00a0 \u00a0Linha com utiliza\u00e7\u00e3o de volantes (acabamentos) em metal.<br \/>\n\u2022\u00a0\u00a0 \u00a0Embalagem: caixa de papel\u00e3o com visor pl\u00e1stico.<br \/>\n\u2022\u00a0\u00a0 \u00a0Vida \u00fatil do mecanismo: 350.000 ciclos de abertura e fechamento.<br \/>\n\u2022\u00a0\u00a0 \u00a0Linha de produtos com modelo de volante (acabamento) \u00fanico.<\/p>\n<\/div>\n","protected":false},"excerpt":{"rendered":"<p>TORNEIRA LAVAT BANC EVIDENCE 1\/4 VOLTA 6031 &#8211; C81 &nbsp; Caracteristicas do produto: \u2022\u00a0\u00a0 \u00a0Mecanismo de veda\u00e7\u00e3o 1\/4 Volta M22 [&hellip;]<\/p>\n","protected":false},"featured_media":3149,"template":"","meta":{"site-sidebar-layout":"default","site-content-layout":"","ast-site-content-layout":"default","site-content-style":"default","site-sidebar-style":"default","ast-global-header-display":"","ast-banner-title-visibility":"","ast-main-header-display":"","ast-hfb-above-header-display":"","ast-hfb-below-header-display":"","ast-hfb-mobile-header-display":"","site-post-title":"","ast-breadcrumbs-content":"","ast-featured-img":"","footer-sml-layout":"","theme-transparent-header-meta":"default","adv-header-id-meta":"","stick-header-meta":"","header-above-stick-meta":"","header-main-stick-meta":"","header-below-stick-meta":"","astra-migrate-meta-layouts":"set","ast-page-background-enabled":"default","ast-page-background-meta":{"desktop":{"background-color":"var(--ast-global-color-5)","background-image":"","background-repeat":"repeat","background-position":"center center","background-size":"auto","background-attachment":"scroll","background-type":"","background-media":"","overlay-type":"","overlay-color":"","overlay-opacity":"","overlay-gradient":""},"tablet":{"background-color":"","background-image":"","background-repeat":"repeat","background-position":"center center","background-size":"auto","background-attachment":"scroll","background-type":"","background-media":"","overlay-type":"","overlay-color":"","overlay-opacity":"","overlay-gradient":""},"mobile":{"background-color":"","background-image":"","background-repeat":"repeat","background-position":"center center","background-size":"auto","background-attachment":"scroll","background-type":"","background-media":"","overlay-type":"","overlay-color":"","overlay-opacity":"","overlay-gradient":""}},"ast-content-background-meta":{"desktop":{"background-color":"var(--ast-global-color-4)","background-image":"","background-repeat":"repeat","background-position":"center center","background-size":"auto","background-attachment":"scroll","background-type":"","background-media":"","overlay-type":"","overlay-color":"","overlay-opacity":"","overlay-gradient":""},"tablet":{"background-color":"var(--ast-global-color-4)","background-image":"","background-repeat":"repeat","background-position":"center center","background-size":"auto","background-attachment":"scroll","background-type":"","background-media":"","overlay-type":"","overlay-color":"","overlay-opacity":"","overlay-gradient":""},"mobile":{"background-color":"var(--ast-global-color-4)","background-image":"","background-repeat":"repeat","background-position":"center center","background-size":"auto","background-attachment":"scroll","background-type":"","background-media":"","overlay-type":"","overlay-color":"","overlay-opacity":"","overlay-gradient":""}},"_joinchat":[]},"product_brand":[],"product_cat":[43],"product_tag":[],"class_list":{"0":"post-3146","1":"product","2":"type-product","3":"status-publish","4":"has-post-thumbnail","6":"product_cat-torneiras","7":"desktop-align-left","8":"tablet-align-left","9":"mobile-align-left","11":"first","12":"instock","13":"shipping-taxable","14":"product-type-simple"},"jetpack_sharing_enabled":true,"_links":{"self":[{"href":"https:\/\/locmasterconstrucao.com.br\/index.php\/wp-json\/wp\/v2\/product\/3146","targetHints":{"allow":["GET"]}}],"collection":[{"href":"https:\/\/locmasterconstrucao.com.br\/index.php\/wp-json\/wp\/v2\/product"}],"about":[{"href":"https:\/\/locmasterconstrucao.com.br\/index.php\/wp-json\/wp\/v2\/types\/product"}],"wp:featuredmedia":[{"embeddable":true,"href":"https:\/\/locmasterconstrucao.com.br\/index.php\/wp-json\/wp\/v2\/media\/3149"}],"wp:attachment":[{"href":"https:\/\/locmasterconstrucao.com.br\/index.php\/wp-json\/wp\/v2\/media?parent=3146"}],"wp:term":[{"taxonomy":"product_brand","embeddable":true,"href":"https:\/\/locmasterconstrucao.com.br\/index.php\/wp-json\/wp\/v2\/product_brand?post=3146"},{"taxonomy":"product_cat","embeddable":true,"href":"https:\/\/locmasterconstrucao.com.br\/index.php\/wp-json\/wp\/v2\/product_cat?post=3146"},{"taxonomy":"product_tag","embeddable":true,"href":"https:\/\/locmasterconstrucao.com.br\/index.php\/wp-json\/wp\/v2\/product_tag?post=3146"}],"curies":[{"name":"wp","href":"https:\/\/api.w.org\/{rel}","templated":true}]}}