{"id":576,"date":"2024-02-27T08:16:06","date_gmt":"2024-02-27T11:16:06","guid":{"rendered":"https:\/\/locmasterconstrucao.com.br\/?post_type=product&#038;p=576"},"modified":"2026-02-04T17:05:53","modified_gmt":"2026-02-04T20:05:53","slug":"paredes-branco-36lt-quartzolit","status":"publish","type":"product","link":"https:\/\/locmasterconstrucao.com.br\/index.php\/produto\/paredes-branco-36lt-quartzolit\/","title":{"rendered":"PAREDES BRANCO 3,6KG QUARTZOLIT"},"content":{"rendered":"<p>Impermeabilizante \u00e0 base de resina acr\u00edlica, com propriedades el\u00e1sticas, desenvolvido para a prote\u00e7\u00e3o de superf\u00edcies exter<\/p>\n<p><b>parede quartzolit\u00a0<\/b>\u00e9 um impermeabilizante para paredes, indicado para a prote\u00e7\u00e3o de fachadas, paredes externas e muros. Possui tecnologia 3 em 1: sela, impermeabiliza e d\u00e1 acabamento. Quando curada, forma uma membrana el\u00e1stica e imperme\u00e1vel.<\/p>\n<p>Desenvolvido para a prote\u00e7\u00e3o de superf\u00edcies externas submetidas a intemp\u00e9ries como chuva e a\u00e7\u00e3o direta do sol.<\/p>\n<ul>\n<li>\u00a0 \u00a0 \u00a0Pronta para uso e de f\u00e1cil aplica\u00e7\u00e3o<\/li>\n<li>\u00a0 \u00a0 \u00a0Protege contra manchas e a umidade da batida de chuva<\/li>\n<li>\u00a0 \u00a0 \u00a0Resistente aos raios UV<\/li>\n<li>\u00a0 \u00a0 \u00a0Rendimento: 06mt2<\/li>\n<\/ul>\n","protected":false},"excerpt":{"rendered":"<p>Impermeabilizante \u00e0 base de resina acr\u00edlica, com propriedades el\u00e1sticas, desenvolvido para a prote\u00e7\u00e3o de superf\u00edcies exter parede quartzolit\u00a0\u00e9 um impermeabilizante [&hellip;]<\/p>\n","protected":false},"featured_media":577,"template":"","meta":{"site-sidebar-layout":"default","site-content-layout":"","ast-site-content-layout":"default","site-content-style":"default","site-sidebar-style":"default","ast-global-header-display":"","ast-banner-title-visibility":"","ast-main-header-display":"","ast-hfb-above-header-display":"","ast-hfb-below-header-display":"","ast-hfb-mobile-header-display":"","site-post-title":"","ast-breadcrumbs-content":"","ast-featured-img":"","footer-sml-layout":"","theme-transparent-header-meta":"default","adv-header-id-meta":"","stick-header-meta":"","header-above-stick-meta":"","header-main-stick-meta":"","header-below-stick-meta":"","astra-migrate-meta-layouts":"set","ast-page-background-enabled":"default","ast-page-background-meta":{"desktop":{"background-color":"var(--ast-global-color-5)","background-image":"","background-repeat":"repeat","background-position":"center center","background-size":"auto","background-attachment":"scroll","background-type":"","background-media":"","overlay-type":"","overlay-color":"","overlay-opacity":"","overlay-gradient":""},"tablet":{"background-color":"","background-image":"","background-repeat":"repeat","background-position":"center center","background-size":"auto","background-attachment":"scroll","background-type":"","background-media":"","overlay-type":"","overlay-color":"","overlay-opacity":"","overlay-gradient":""},"mobile":{"background-color":"","background-image":"","background-repeat":"repeat","background-position":"center center","background-size":"auto","background-attachment":"scroll","background-type":"","background-media":"","overlay-type":"","overlay-color":"","overlay-opacity":"","overlay-gradient":""}},"ast-content-background-meta":{"desktop":{"background-color":"var(--ast-global-color-4)","background-image":"","background-repeat":"repeat","background-position":"center center","background-size":"auto","background-attachment":"scroll","background-type":"","background-media":"","overlay-type":"","overlay-color":"","overlay-opacity":"","overlay-gradient":""},"tablet":{"background-color":"var(--ast-global-color-4)","background-image":"","background-repeat":"repeat","background-position":"center center","background-size":"auto","background-attachment":"scroll","background-type":"","background-media":"","overlay-type":"","overlay-color":"","overlay-opacity":"","overlay-gradient":""},"mobile":{"background-color":"var(--ast-global-color-4)","background-image":"","background-repeat":"repeat","background-position":"center center","background-size":"auto","background-attachment":"scroll","background-type":"","background-media":"","overlay-type":"","overlay-color":"","overlay-opacity":"","overlay-gradient":""}},"_joinchat":[]},"product_brand":[],"product_cat":[34],"product_tag":[],"class_list":{"0":"post-576","1":"product","2":"type-product","3":"status-publish","4":"has-post-thumbnail","6":"product_cat-impermeabilizante","7":"desktop-align-left","8":"tablet-align-left","9":"mobile-align-left","11":"first","12":"outofstock","13":"shipping-taxable","14":"product-type-simple"},"jetpack_sharing_enabled":true,"_links":{"self":[{"href":"https:\/\/locmasterconstrucao.com.br\/index.php\/wp-json\/wp\/v2\/product\/576","targetHints":{"allow":["GET"]}}],"collection":[{"href":"https:\/\/locmasterconstrucao.com.br\/index.php\/wp-json\/wp\/v2\/product"}],"about":[{"href":"https:\/\/locmasterconstrucao.com.br\/index.php\/wp-json\/wp\/v2\/types\/product"}],"wp:featuredmedia":[{"embeddable":true,"href":"https:\/\/locmasterconstrucao.com.br\/index.php\/wp-json\/wp\/v2\/media\/577"}],"wp:attachment":[{"href":"https:\/\/locmasterconstrucao.com.br\/index.php\/wp-json\/wp\/v2\/media?parent=576"}],"wp:term":[{"taxonomy":"product_brand","embeddable":true,"href":"https:\/\/locmasterconstrucao.com.br\/index.php\/wp-json\/wp\/v2\/product_brand?post=576"},{"taxonomy":"product_cat","embeddable":true,"href":"https:\/\/locmasterconstrucao.com.br\/index.php\/wp-json\/wp\/v2\/product_cat?post=576"},{"taxonomy":"product_tag","embeddable":true,"href":"https:\/\/locmasterconstrucao.com.br\/index.php\/wp-json\/wp\/v2\/product_tag?post=576"}],"curies":[{"name":"wp","href":"https:\/\/api.w.org\/{rel}","templated":true}]}}