{"id":638,"date":"2024-03-04T13:43:22","date_gmt":"2024-03-04T16:43:22","guid":{"rendered":"https:\/\/locmasterconstrucao.com.br\/?post_type=product&#038;p=638"},"modified":"2024-03-04T14:00:35","modified_gmt":"2024-03-04T17:00:35","slug":"lixadeira-de-parede-e-teto-wesco-ws4463ku","status":"publish","type":"product","link":"https:\/\/locmasterconstrucao.com.br\/index.php\/produto\/lixadeira-de-parede-e-teto-wesco-ws4463ku\/","title":{"rendered":"LIXADEIRA DE PAREDE E TETO WESCO &#8211; WS4463KU"},"content":{"rendered":"<h3>Dados T\u00e9cnicos<\/h3>\n<ul>\n<li>6 velocidades vari\u00e1veis<\/li>\n<li>Sistema de fixa\u00e7\u00e3o de lixa tipo Hook and Loop<\/li>\n<li>Chassi remov\u00edvel para chegar mais pr\u00f3ximo dos cantos<\/li>\n<li>Esferas met\u00e1licas para deslizar e facilitar o trabalho<\/li>\n<li>Borda com LED para facilitar o trabalho em \u00e1reas escuras<\/li>\n<li>Interruptor com trava de seguran\u00e7a<\/li>\n<li>Luz LED na base<\/li>\n<\/ul>\n<h3>Acess\u00f3rios<\/h3>\n<ul>\n<li>12 lixas<\/li>\n<li>1 tubo flex\u00edvel para aspira\u00e7\u00e3o &#8211; 2 m<\/li>\n<li>1 coletor de p\u00f3<\/li>\n<li>1 adaptador<\/li>\n<li>1 chave hexagonal<\/li>\n<li>1 chave de fenda<\/li>\n<\/ul>\n<h3>Borda do Chassi Remov\u00edvel<\/h3>\n<ul>\n<li>Desenvolvido especialmente para lixar as quinas.<\/li>\n<\/ul>\n<h3>Esferas de Metal<\/h3>\n<ul>\n<li>Reduzem o atrito e facilitam o deslizar da ferramenta<\/li>\n<\/ul>\n","protected":false},"excerpt":{"rendered":"<p>Dados T\u00e9cnicos 6 velocidades vari\u00e1veis Sistema de fixa\u00e7\u00e3o de lixa tipo Hook and Loop Chassi remov\u00edvel para chegar mais pr\u00f3ximo [&hellip;]<\/p>\n","protected":false},"featured_media":639,"template":"","meta":{"site-sidebar-layout":"default","site-content-layout":"","ast-site-content-layout":"default","site-content-style":"default","site-sidebar-style":"default","ast-global-header-display":"","ast-banner-title-visibility":"","ast-main-header-display":"","ast-hfb-above-header-display":"","ast-hfb-below-header-display":"","ast-hfb-mobile-header-display":"","site-post-title":"","ast-breadcrumbs-content":"","ast-featured-img":"","footer-sml-layout":"","theme-transparent-header-meta":"","adv-header-id-meta":"","stick-header-meta":"","header-above-stick-meta":"","header-main-stick-meta":"","header-below-stick-meta":"","astra-migrate-meta-layouts":"default","ast-page-background-enabled":"default","ast-page-background-meta":{"desktop":{"background-color":"var(--ast-global-color-5)","background-image":"","background-repeat":"repeat","background-position":"center center","background-size":"auto","background-attachment":"scroll","background-type":"","background-media":"","overlay-type":"","overlay-color":"","overlay-opacity":"","overlay-gradient":""},"tablet":{"background-color":"","background-image":"","background-repeat":"repeat","background-position":"center center","background-size":"auto","background-attachment":"scroll","background-type":"","background-media":"","overlay-type":"","overlay-color":"","overlay-opacity":"","overlay-gradient":""},"mobile":{"background-color":"","background-image":"","background-repeat":"repeat","background-position":"center center","background-size":"auto","background-attachment":"scroll","background-type":"","background-media":"","overlay-type":"","overlay-color":"","overlay-opacity":"","overlay-gradient":""}},"ast-content-background-meta":{"desktop":{"background-color":"var(--ast-global-color-4)","background-image":"","background-repeat":"repeat","background-position":"center center","background-size":"auto","background-attachment":"scroll","background-type":"","background-media":"","overlay-type":"","overlay-color":"","overlay-opacity":"","overlay-gradient":""},"tablet":{"background-color":"var(--ast-global-color-4)","background-image":"","background-repeat":"repeat","background-position":"center center","background-size":"auto","background-attachment":"scroll","background-type":"","background-media":"","overlay-type":"","overlay-color":"","overlay-opacity":"","overlay-gradient":""},"mobile":{"background-color":"var(--ast-global-color-4)","background-image":"","background-repeat":"repeat","background-position":"center center","background-size":"auto","background-attachment":"scroll","background-type":"","background-media":"","overlay-type":"","overlay-color":"","overlay-opacity":"","overlay-gradient":""}},"_joinchat":[]},"product_brand":[],"product_cat":[39],"product_tag":[],"class_list":{"0":"post-638","1":"product","2":"type-product","3":"status-publish","4":"has-post-thumbnail","6":"product_cat-ferramenta-eletrica","7":"desktop-align-left","8":"tablet-align-left","9":"mobile-align-left","11":"first","12":"instock","13":"shipping-taxable","14":"product-type-simple"},"jetpack_sharing_enabled":true,"_links":{"self":[{"href":"https:\/\/locmasterconstrucao.com.br\/index.php\/wp-json\/wp\/v2\/product\/638","targetHints":{"allow":["GET"]}}],"collection":[{"href":"https:\/\/locmasterconstrucao.com.br\/index.php\/wp-json\/wp\/v2\/product"}],"about":[{"href":"https:\/\/locmasterconstrucao.com.br\/index.php\/wp-json\/wp\/v2\/types\/product"}],"wp:featuredmedia":[{"embeddable":true,"href":"https:\/\/locmasterconstrucao.com.br\/index.php\/wp-json\/wp\/v2\/media\/639"}],"wp:attachment":[{"href":"https:\/\/locmasterconstrucao.com.br\/index.php\/wp-json\/wp\/v2\/media?parent=638"}],"wp:term":[{"taxonomy":"product_brand","embeddable":true,"href":"https:\/\/locmasterconstrucao.com.br\/index.php\/wp-json\/wp\/v2\/product_brand?post=638"},{"taxonomy":"product_cat","embeddable":true,"href":"https:\/\/locmasterconstrucao.com.br\/index.php\/wp-json\/wp\/v2\/product_cat?post=638"},{"taxonomy":"product_tag","embeddable":true,"href":"https:\/\/locmasterconstrucao.com.br\/index.php\/wp-json\/wp\/v2\/product_tag?post=638"}],"curies":[{"name":"wp","href":"https:\/\/api.w.org\/{rel}","templated":true}]}}