{"id":697,"date":"2024-03-05T13:39:59","date_gmt":"2024-03-05T16:39:59","guid":{"rendered":"https:\/\/locmasterconstrucao.com.br\/?post_type=product&#038;p=697"},"modified":"2026-01-05T15:43:09","modified_gmt":"2026-01-05T18:43:09","slug":"soprador-termico-127v-1800w-wesco-ws6427u","status":"publish","type":"product","link":"https:\/\/locmasterconstrucao.com.br\/index.php\/produto\/soprador-termico-127v-1800w-wesco-ws6427u\/","title":{"rendered":"SOPRADOR TERMICO 127V 1800W WESCO &#8211; WS6427U"},"content":{"rendered":"<section id=\"produto-info\" class=\"produto-info\">\n<div class=\"container\">\n<div class=\"container\">\n<div class=\"row\">\n<div class=\"col-lg-6 col-12\">\n<div class=\"produto-mais-info\">\n<h3>Dados T\u00e9cnicos<\/h3>\n<ul>\n<li>Prote\u00e7\u00e3o contra superaquecimento<\/li>\n<li>Fun\u00e7\u00e3o ar frio (40\u00b0C, 300l\/*min)<\/li>\n<\/ul>\n<h3>Interruptor com 3 temperaturas<\/h3>\n<ul>\n<li>I = 40\u00baC, 300l\/min<\/li>\n<li>II =350\u00baC, 300l\/min<\/li>\n<li>III = 550\u00baC, 500l\/min<\/li>\n<\/ul>\n<h3>Acess\u00f3rios<\/h3>\n<ul>\n<li>1 esp\u00e1tula<\/li>\n<li>1 bocal plano<\/li>\n<li>1 bico com prote\u00e7\u00e3o para vidro<\/li>\n<li>1 bico com redu\u00e7\u00e3o<\/li>\n<li>1 bico tipo gancho<\/li>\n<\/ul>\n<\/div>\n<\/div>\n<\/div>\n<\/div>\n<\/div>\n<\/section>\n<section class=\"especificacoes-container row\">\n<div class=\"col-12\"><\/div>\n<\/section>\n","protected":false},"excerpt":{"rendered":"<p>Dados T\u00e9cnicos Prote\u00e7\u00e3o contra superaquecimento Fun\u00e7\u00e3o ar frio (40\u00b0C, 300l\/*min) Interruptor com 3 temperaturas I = 40\u00baC, 300l\/min II =350\u00baC, [&hellip;]<\/p>\n","protected":false},"featured_media":698,"template":"","meta":{"site-sidebar-layout":"default","site-content-layout":"","ast-site-content-layout":"default","site-content-style":"default","site-sidebar-style":"default","ast-global-header-display":"","ast-banner-title-visibility":"","ast-main-header-display":"","ast-hfb-above-header-display":"","ast-hfb-below-header-display":"","ast-hfb-mobile-header-display":"","site-post-title":"","ast-breadcrumbs-content":"","ast-featured-img":"","footer-sml-layout":"","theme-transparent-header-meta":"","adv-header-id-meta":"","stick-header-meta":"","header-above-stick-meta":"","header-main-stick-meta":"","header-below-stick-meta":"","astra-migrate-meta-layouts":"default","ast-page-background-enabled":"default","ast-page-background-meta":{"desktop":{"background-color":"var(--ast-global-color-5)","background-image":"","background-repeat":"repeat","background-position":"center center","background-size":"auto","background-attachment":"scroll","background-type":"","background-media":"","overlay-type":"","overlay-color":"","overlay-opacity":"","overlay-gradient":""},"tablet":{"background-color":"","background-image":"","background-repeat":"repeat","background-position":"center center","background-size":"auto","background-attachment":"scroll","background-type":"","background-media":"","overlay-type":"","overlay-color":"","overlay-opacity":"","overlay-gradient":""},"mobile":{"background-color":"","background-image":"","background-repeat":"repeat","background-position":"center center","background-size":"auto","background-attachment":"scroll","background-type":"","background-media":"","overlay-type":"","overlay-color":"","overlay-opacity":"","overlay-gradient":""}},"ast-content-background-meta":{"desktop":{"background-color":"var(--ast-global-color-4)","background-image":"","background-repeat":"repeat","background-position":"center center","background-size":"auto","background-attachment":"scroll","background-type":"","background-media":"","overlay-type":"","overlay-color":"","overlay-opacity":"","overlay-gradient":""},"tablet":{"background-color":"var(--ast-global-color-4)","background-image":"","background-repeat":"repeat","background-position":"center center","background-size":"auto","background-attachment":"scroll","background-type":"","background-media":"","overlay-type":"","overlay-color":"","overlay-opacity":"","overlay-gradient":""},"mobile":{"background-color":"var(--ast-global-color-4)","background-image":"","background-repeat":"repeat","background-position":"center center","background-size":"auto","background-attachment":"scroll","background-type":"","background-media":"","overlay-type":"","overlay-color":"","overlay-opacity":"","overlay-gradient":""}},"_joinchat":[]},"product_brand":[],"product_cat":[39],"product_tag":[],"class_list":{"0":"post-697","1":"product","2":"type-product","3":"status-publish","4":"has-post-thumbnail","6":"product_cat-ferramenta-eletrica","7":"desktop-align-left","8":"tablet-align-left","9":"mobile-align-left","11":"first","12":"instock","13":"shipping-taxable","14":"product-type-simple"},"jetpack_sharing_enabled":true,"_links":{"self":[{"href":"https:\/\/locmasterconstrucao.com.br\/index.php\/wp-json\/wp\/v2\/product\/697","targetHints":{"allow":["GET"]}}],"collection":[{"href":"https:\/\/locmasterconstrucao.com.br\/index.php\/wp-json\/wp\/v2\/product"}],"about":[{"href":"https:\/\/locmasterconstrucao.com.br\/index.php\/wp-json\/wp\/v2\/types\/product"}],"wp:featuredmedia":[{"embeddable":true,"href":"https:\/\/locmasterconstrucao.com.br\/index.php\/wp-json\/wp\/v2\/media\/698"}],"wp:attachment":[{"href":"https:\/\/locmasterconstrucao.com.br\/index.php\/wp-json\/wp\/v2\/media?parent=697"}],"wp:term":[{"taxonomy":"product_brand","embeddable":true,"href":"https:\/\/locmasterconstrucao.com.br\/index.php\/wp-json\/wp\/v2\/product_brand?post=697"},{"taxonomy":"product_cat","embeddable":true,"href":"https:\/\/locmasterconstrucao.com.br\/index.php\/wp-json\/wp\/v2\/product_cat?post=697"},{"taxonomy":"product_tag","embeddable":true,"href":"https:\/\/locmasterconstrucao.com.br\/index.php\/wp-json\/wp\/v2\/product_tag?post=697"}],"curies":[{"name":"wp","href":"https:\/\/api.w.org\/{rel}","templated":true}]}}