{"id":699,"date":"2024-03-05T14:56:47","date_gmt":"2024-03-05T17:56:47","guid":{"rendered":"https:\/\/locmasterconstrucao.com.br\/?post_type=product&#038;p=699"},"modified":"2024-03-05T15:01:03","modified_gmt":"2024-03-05T18:01:03","slug":"tripe-de-aluminio-para-nivel-a-laser-wesco-ws9972","status":"publish","type":"product","link":"https:\/\/locmasterconstrucao.com.br\/index.php\/produto\/tripe-de-aluminio-para-nivel-a-laser-wesco-ws9972\/","title":{"rendered":"TRIPE DE ALUMINIO PARA NIVEL A LASER WESCO &#8211; WS9972"},"content":{"rendered":"<section id=\"produto-info\" class=\"produto-info\">\n<div class=\"container\">\n<div class=\"container\">\n<div class=\"row\">\n<div class=\"col-lg-6 col-12\">\n<div class=\"produto-mais-info\">\n<h3>Dados T\u00e9cnicos<\/h3>\n<ul>\n<li>Rosca de 5\/8&#8243; (para uso com encaixe com rosca de 1\/4&#8243; \u00e9 necess\u00e1rio uso de adaptador que n\u00e3o acompanha o produto).<\/li>\n<li>Caixa colorida e maleta de transporte<\/li>\n<\/ul>\n<\/div>\n<\/div>\n<\/div>\n<\/div>\n<\/div>\n<\/section>\n","protected":false},"excerpt":{"rendered":"<p>Dados T\u00e9cnicos Rosca de 5\/8&#8243; (para uso com encaixe com rosca de 1\/4&#8243; \u00e9 necess\u00e1rio uso de adaptador que n\u00e3o [&hellip;]<\/p>\n","protected":false},"featured_media":700,"template":"","meta":{"site-sidebar-layout":"default","site-content-layout":"","ast-site-content-layout":"default","site-content-style":"default","site-sidebar-style":"default","ast-global-header-display":"","ast-banner-title-visibility":"","ast-main-header-display":"","ast-hfb-above-header-display":"","ast-hfb-below-header-display":"","ast-hfb-mobile-header-display":"","site-post-title":"","ast-breadcrumbs-content":"","ast-featured-img":"","footer-sml-layout":"","theme-transparent-header-meta":"","adv-header-id-meta":"","stick-header-meta":"","header-above-stick-meta":"","header-main-stick-meta":"","header-below-stick-meta":"","astra-migrate-meta-layouts":"default","ast-page-background-enabled":"default","ast-page-background-meta":{"desktop":{"background-color":"var(--ast-global-color-5)","background-image":"","background-repeat":"repeat","background-position":"center center","background-size":"auto","background-attachment":"scroll","background-type":"","background-media":"","overlay-type":"","overlay-color":"","overlay-opacity":"","overlay-gradient":""},"tablet":{"background-color":"","background-image":"","background-repeat":"repeat","background-position":"center center","background-size":"auto","background-attachment":"scroll","background-type":"","background-media":"","overlay-type":"","overlay-color":"","overlay-opacity":"","overlay-gradient":""},"mobile":{"background-color":"","background-image":"","background-repeat":"repeat","background-position":"center center","background-size":"auto","background-attachment":"scroll","background-type":"","background-media":"","overlay-type":"","overlay-color":"","overlay-opacity":"","overlay-gradient":""}},"ast-content-background-meta":{"desktop":{"background-color":"var(--ast-global-color-4)","background-image":"","background-repeat":"repeat","background-position":"center center","background-size":"auto","background-attachment":"scroll","background-type":"","background-media":"","overlay-type":"","overlay-color":"","overlay-opacity":"","overlay-gradient":""},"tablet":{"background-color":"var(--ast-global-color-4)","background-image":"","background-repeat":"repeat","background-position":"center center","background-size":"auto","background-attachment":"scroll","background-type":"","background-media":"","overlay-type":"","overlay-color":"","overlay-opacity":"","overlay-gradient":""},"mobile":{"background-color":"var(--ast-global-color-4)","background-image":"","background-repeat":"repeat","background-position":"center center","background-size":"auto","background-attachment":"scroll","background-type":"","background-media":"","overlay-type":"","overlay-color":"","overlay-opacity":"","overlay-gradient":""}},"_joinchat":[]},"product_brand":[],"product_cat":[39],"product_tag":[],"class_list":{"0":"post-699","1":"product","2":"type-product","3":"status-publish","4":"has-post-thumbnail","6":"product_cat-ferramenta-eletrica","7":"desktop-align-left","8":"tablet-align-left","9":"mobile-align-left","11":"first","12":"instock","13":"shipping-taxable","14":"product-type-simple"},"jetpack_sharing_enabled":true,"_links":{"self":[{"href":"https:\/\/locmasterconstrucao.com.br\/index.php\/wp-json\/wp\/v2\/product\/699","targetHints":{"allow":["GET"]}}],"collection":[{"href":"https:\/\/locmasterconstrucao.com.br\/index.php\/wp-json\/wp\/v2\/product"}],"about":[{"href":"https:\/\/locmasterconstrucao.com.br\/index.php\/wp-json\/wp\/v2\/types\/product"}],"wp:featuredmedia":[{"embeddable":true,"href":"https:\/\/locmasterconstrucao.com.br\/index.php\/wp-json\/wp\/v2\/media\/700"}],"wp:attachment":[{"href":"https:\/\/locmasterconstrucao.com.br\/index.php\/wp-json\/wp\/v2\/media?parent=699"}],"wp:term":[{"taxonomy":"product_brand","embeddable":true,"href":"https:\/\/locmasterconstrucao.com.br\/index.php\/wp-json\/wp\/v2\/product_brand?post=699"},{"taxonomy":"product_cat","embeddable":true,"href":"https:\/\/locmasterconstrucao.com.br\/index.php\/wp-json\/wp\/v2\/product_cat?post=699"},{"taxonomy":"product_tag","embeddable":true,"href":"https:\/\/locmasterconstrucao.com.br\/index.php\/wp-json\/wp\/v2\/product_tag?post=699"}],"curies":[{"name":"wp","href":"https:\/\/api.w.org\/{rel}","templated":true}]}}